{"id":1998,"date":"2023-09-06T15:07:21","date_gmt":"2023-09-06T13:07:21","guid":{"rendered":"https:\/\/icrop.nl\/?page_id=1998"},"modified":"2025-01-08T11:27:14","modified_gmt":"2025-01-08T10:27:14","slug":"kontakt","status":"publish","type":"page","link":"https:\/\/icrop.com\/de\/kontakt\/","title":{"rendered":"Kontakt"},"content":{"rendered":"\t\t<div data-elementor-type=\"wp-page\" data-elementor-id=\"1998\" class=\"elementor elementor-1998 elementor-1123\" data-elementor-post-type=\"page\">\n\t\t\t\t<div class=\"elementor-element elementor-element-3d59c6f e-flex e-con-boxed e-con e-parent\" data-id=\"3d59c6f\" data-element_type=\"container\" data-e-type=\"container\" data-settings=\"{&quot;background_background&quot;:&quot;classic&quot;}\">\n\t\t\t\t\t<div class=\"e-con-inner\">\n\t\t<div class=\"elementor-element elementor-element-37cb160 e-con-full e-flex e-con e-child\" data-id=\"37cb160\" data-element_type=\"container\" data-e-type=\"container\" data-settings=\"{&quot;background_background&quot;:&quot;classic&quot;}\">\n\t\t\t\t<div class=\"elementor-element elementor-element-62bcc6d elementor-widget elementor-widget-spacer\" data-id=\"62bcc6d\" data-element_type=\"widget\" data-e-type=\"widget\" data-widget_type=\"spacer.default\">\n\t\t\t\t<div class=\"elementor-widget-container\">\n\t\t\t\t\t\t\t<div class=\"elementor-spacer\">\n\t\t\t<div class=\"elementor-spacer-inner\"><\/div>\n\t\t<\/div>\n\t\t\t\t\t\t<\/div>\n\t\t\t\t<\/div>\n\t\t\t\t<div class=\"elementor-element elementor-element-86cc53a elementor-widget elementor-widget-spacer\" data-id=\"86cc53a\" data-element_type=\"widget\" data-e-type=\"widget\" data-widget_type=\"spacer.default\">\n\t\t\t\t<div class=\"elementor-widget-container\">\n\t\t\t\t\t\t\t<div class=\"elementor-spacer\">\n\t\t\t<div class=\"elementor-spacer-inner\"><\/div>\n\t\t<\/div>\n\t\t\t\t\t\t<\/div>\n\t\t\t\t<\/div>\n\t\t\t\t<div class=\"elementor-element elementor-element-e81d4c1 elementor-widget__width-initial elementor-widget elementor-widget-heading\" data-id=\"e81d4c1\" data-element_type=\"widget\" data-e-type=\"widget\" data-widget_type=\"heading.default\">\n\t\t\t\t<div class=\"elementor-widget-container\">\n\t\t\t\t\t<h1 class=\"elementor-heading-title elementor-size-default\">Kontakt<\/h1>\t\t\t\t<\/div>\n\t\t\t\t<\/div>\n\t\t\t\t<div class=\"elementor-element elementor-element-2fb2788 elementor-widget elementor-widget-spacer\" data-id=\"2fb2788\" data-element_type=\"widget\" data-e-type=\"widget\" data-widget_type=\"spacer.default\">\n\t\t\t\t<div class=\"elementor-widget-container\">\n\t\t\t\t\t\t\t<div class=\"elementor-spacer\">\n\t\t\t<div class=\"elementor-spacer-inner\"><\/div>\n\t\t<\/div>\n\t\t\t\t\t\t<\/div>\n\t\t\t\t<\/div>\n\t\t\t\t<div class=\"elementor-element elementor-element-ab13b2d elementor-widget elementor-widget-spacer\" data-id=\"ab13b2d\" data-element_type=\"widget\" data-e-type=\"widget\" data-widget_type=\"spacer.default\">\n\t\t\t\t<div class=\"elementor-widget-container\">\n\t\t\t\t\t\t\t<div class=\"elementor-spacer\">\n\t\t\t<div class=\"elementor-spacer-inner\"><\/div>\n\t\t<\/div>\n\t\t\t\t\t\t<\/div>\n\t\t\t\t<\/div>\n\t\t\t\t<div class=\"elementor-element elementor-element-767643e elementor-widget elementor-widget-spacer\" data-id=\"767643e\" data-element_type=\"widget\" data-e-type=\"widget\" data-widget_type=\"spacer.default\">\n\t\t\t\t<div class=\"elementor-widget-container\">\n\t\t\t\t\t\t\t<div class=\"elementor-spacer\">\n\t\t\t<div class=\"elementor-spacer-inner\"><\/div>\n\t\t<\/div>\n\t\t\t\t\t\t<\/div>\n\t\t\t\t<\/div>\n\t\t\t\t<\/div>\n\t\t\t\t\t<\/div>\n\t\t\t\t<\/div>\n\t\t<div class=\"elementor-element elementor-element-ece205d e-flex e-con-boxed e-con e-parent\" data-id=\"ece205d\" data-element_type=\"container\" data-e-type=\"container\">\n\t\t\t\t\t<div class=\"e-con-inner\">\n\t\t<div class=\"elementor-element elementor-element-1b6b010 e-con-full e-flex e-con e-child\" data-id=\"1b6b010\" data-element_type=\"container\" data-e-type=\"container\">\n\t\t<div class=\"elementor-element elementor-element-a499d6a e-con-full e-flex e-con e-child\" data-id=\"a499d6a\" data-element_type=\"container\" data-e-type=\"container\" data-settings=\"{&quot;background_background&quot;:&quot;classic&quot;}\">\n\t\t\t\t<div class=\"elementor-element elementor-element-f940528 elementor-widget__width-initial elementor-widget elementor-widget-heading\" data-id=\"f940528\" data-element_type=\"widget\" data-e-type=\"widget\" data-settings=\"{&quot;_animation&quot;:&quot;none&quot;}\" data-widget_type=\"heading.default\">\n\t\t\t\t<div class=\"elementor-widget-container\">\n\t\t\t\t\t<h2 class=\"elementor-heading-title elementor-size-default\">Kontaktieren Sie uns!<\/h2>\t\t\t\t<\/div>\n\t\t\t\t<\/div>\n\t\t\t\t<div class=\"elementor-element elementor-element-931fad9 elementor-widget elementor-widget-text-editor\" data-id=\"931fad9\" data-element_type=\"widget\" data-e-type=\"widget\" data-widget_type=\"text-editor.default\">\n\t\t\t\t<div class=\"elementor-widget-container\">\n\t\t\t\t\t\t\t\t\t<p>Haben Sie Fragen oder m\u00f6chten Sie berechnen, wie iCrop den ROI Ihres Betriebs verbessern kann? Kontaktieren Sie uns einfach! Unser Team hilft Ihnen gerne bei all Ihren Fragen zur Digitalisierung, Regulierung und effizienteren Bewirtschaftung.<\/p><p><strong style=\"color: var( --e-global-color-ed92976 ); background-color: var( --e-global-color-e2fcd1f );\">Adres:<\/strong><span style=\"color: var( --e-global-color-ed92976 ); background-color: var( --e-global-color-e2fcd1f );\"> Hogeweg 105<br \/><\/span><span style=\"color: var( --e-global-color-ed92976 ); background-color: var( --e-global-color-e2fcd1f );\">5301 LL, Zaltbommel, NL<br \/><\/span><strong style=\"color: var( --e-global-color-ed92976 ); background-color: var( --e-global-color-e2fcd1f );\">E-mail:<\/strong> <a href=\"mailto:info@appsforagri.com\" target=\"_blank\" rel=\"noopener\">info@appsforagri.com<br \/><\/a><a rel=\"noopener\"><strong>Telefon:<\/strong> +31 (0)85 773 14\u00a0<\/a><\/p><p><strong>Website:<\/strong> <a href=\"http:\/\/www.icrop.com\" target=\"_new\" rel=\"noopener\">www.icrop.com<\/a><\/p><p>Gemeinsam gehen wir den n\u00e4chsten Schritt in eine effizientere und nachhaltigere Zukunft!<\/p><p><span style=\"color: var( --e-global-color-ed92976 ); background-color: var( --e-global-color-e2fcd1f );\">\u00a0<\/span><\/p><p><em style=\"color: var( --e-global-color-ed92976 ); background-color: var( --e-global-color-e2fcd1f );\">iCrop ist ein Produkt von <a href=\"http:\/\/www.appsforagri.com\" target=\"_blank\" rel=\"noopener\">AppsforAgri BV<\/a><\/em><\/p>\t\t\t\t\t\t\t\t<\/div>\n\t\t\t\t<\/div>\n\t\t\t\t<\/div>\n\t\t\t\t<\/div>\n\t\t<div class=\"elementor-element elementor-element-08d1a4c e-con-full e-flex e-con e-child\" data-id=\"08d1a4c\" data-element_type=\"container\" data-e-type=\"container\">\n\t\t<div class=\"elementor-element elementor-element-e4cd76f e-con-full e-flex e-con e-child\" data-id=\"e4cd76f\" data-element_type=\"container\" data-e-type=\"container\">\n\t\t\t\t<div class=\"elementor-element elementor-element-4416d55 elementor-widget elementor-widget-heading\" data-id=\"4416d55\" data-element_type=\"widget\" data-e-type=\"widget\" data-widget_type=\"heading.default\">\n\t\t\t\t<div class=\"elementor-widget-container\">\n\t\t\t\t\t<h2 class=\"elementor-heading-title elementor-size-default\">Contact Formular<\/h2>\t\t\t\t<\/div>\n\t\t\t\t<\/div>\n\t\t\t\t<div class=\"elementor-element elementor-element-030d0e9 elementor-widget elementor-widget-text-editor\" data-id=\"030d0e9\" data-element_type=\"widget\" data-e-type=\"widget\" data-widget_type=\"text-editor.default\">\n\t\t\t\t<div class=\"elementor-widget-container\">\n\t\t\t\t\t\t\t\t\t<p>Hinterlassen Sie Ihre Daten und wir werden Sie so schnell wie m\u00f6glich kontaktieren!<\/p>\t\t\t\t\t\t\t\t<\/div>\n\t\t\t\t<\/div>\n\t\t\t\t<div class=\"elementor-element elementor-element-b59cae7 elementor-widget elementor-widget-html\" data-id=\"b59cae7\" data-element_type=\"widget\" data-e-type=\"widget\" data-widget_type=\"html.default\">\n\t\t\t\t<div class=\"elementor-widget-container\">\n\t\t\t\t\t<script charset=\"utf-8\" type=\"text\/javascript\" src=\"\/\/js-eu1.hsforms.net\/forms\/embed\/v2.js\"><\/script>\r\n<script>\r\n  hbspt.forms.create({\r\n    portalId: \"144052393\",\r\n    formId: \"c72b54d1-17fa-4d1c-9ead-9b8eb087e9c4\"\r\n  });\r\n<\/script>\t\t\t\t<\/div>\n\t\t\t\t<\/div>\n\t\t\t\t<\/div>\n\t\t\t\t<\/div>\n\t\t\t\t\t<\/div>\n\t\t\t\t<\/div>\n\t\t<div class=\"elementor-element elementor-element-d65c7e9 e-flex e-con-boxed e-con e-parent\" data-id=\"d65c7e9\" data-element_type=\"container\" data-e-type=\"container\">\n\t\t\t\t\t<div class=\"e-con-inner\">\n\t\t<div class=\"elementor-element elementor-element-c9bad86 e-flex e-con-boxed e-con e-child\" data-id=\"c9bad86\" data-element_type=\"container\" data-e-type=\"container\">\n\t\t\t\t\t<div class=\"e-con-inner\">\n\t\t\t\t<div class=\"elementor-element elementor-element-cc917ba elementor-widget elementor-widget-google_maps\" data-id=\"cc917ba\" data-element_type=\"widget\" data-e-type=\"widget\" data-widget_type=\"google_maps.default\">\n\t\t\t\t<div class=\"elementor-widget-container\">\n\t\t\t\t\t\t\t<div class=\"elementor-custom-embed\">\n\t\t\t<iframe loading=\"lazy\"\n\t\t\t\t\tsrc=\"https:\/\/maps.google.com\/maps?q=Hogeweg%20105%2C%205301LL%2C%20Zaltbommel%2C%20Nederland&#038;t=m&#038;z=16&#038;output=embed&#038;iwloc=near\"\n\t\t\t\t\ttitle=\"Hogeweg 105, 5301LL, Zaltbommel, Nederland\"\n\t\t\t\t\taria-label=\"Hogeweg 105, 5301LL, Zaltbommel, Nederland\"\n\t\t\t><\/iframe>\n\t\t<\/div>\n\t\t\t\t\t\t<\/div>\n\t\t\t\t<\/div>\n\t\t\t\t\t<\/div>\n\t\t\t\t<\/div>\n\t\t\t\t\t<\/div>\n\t\t\t\t<\/div>\n\t\t<div class=\"elementor-element elementor-element-3d8c7a4 e-flex e-con-boxed e-con e-parent\" data-id=\"3d8c7a4\" data-element_type=\"container\" data-e-type=\"container\">\n\t\t\t\t\t<div class=\"e-con-inner\">\n\t\t<div class=\"elementor-element elementor-element-99cc7ee e-grid e-con-full e-con e-child\" data-id=\"99cc7ee\" data-element_type=\"container\" data-e-type=\"container\">\n\t\t\t\t<div class=\"elementor-element elementor-element-7ff6cfb elementor-widget elementor-widget-image\" data-id=\"7ff6cfb\" data-element_type=\"widget\" data-e-type=\"widget\" data-widget_type=\"image.default\">\n\t\t\t\t<div class=\"elementor-widget-container\">\n\t\t\t\t\t\t\t\t\t\t\t\t\t\t\t\t<a href=\"https:\/\/gourmet.nl\/\" target=\"_blank\">\n\t\t\t\t\t\t\t<img fetchpriority=\"high\" decoding=\"async\" width=\"611\" height=\"611\" src=\"https:\/\/icrop.com\/wp-content\/uploads\/2024\/12\/Gourmet.png\" class=\"elementor-animation-shrink attachment-large size-large wp-image-8740\" alt=\"\" srcset=\"https:\/\/icrop.com\/wp-content\/uploads\/2024\/12\/Gourmet.png 611w, https:\/\/icrop.com\/wp-content\/uploads\/2024\/12\/Gourmet-300x300.png 300w, https:\/\/icrop.com\/wp-content\/uploads\/2024\/12\/Gourmet-150x150.png 150w, https:\/\/icrop.com\/wp-content\/uploads\/2024\/12\/Gourmet-400x400.png 400w, https:\/\/icrop.com\/wp-content\/uploads\/2024\/12\/Gourmet-600x600.png 600w\" sizes=\"(max-width: 611px) 100vw, 611px\" \/>\t\t\t\t\t\t\t\t<\/a>\n\t\t\t\t\t\t\t\t\t\t\t\t\t\t\t<\/div>\n\t\t\t\t<\/div>\n\t\t\t\t<div class=\"elementor-element elementor-element-f4de242 elementor-widget elementor-widget-image\" data-id=\"f4de242\" data-element_type=\"widget\" data-e-type=\"widget\" data-widget_type=\"image.default\">\n\t\t\t\t<div class=\"elementor-widget-container\">\n\t\t\t\t\t\t\t\t\t\t\t\t\t\t\t\t<a href=\"https:\/\/www.agrifirm.nl\/\" target=\"_blank\">\n\t\t\t\t\t\t\t<img decoding=\"async\" width=\"800\" height=\"800\" src=\"https:\/\/icrop.com\/wp-content\/uploads\/2024\/12\/GMN-Agrifirm-1024x1024.png\" class=\"elementor-animation-shrink attachment-large size-large wp-image-8743\" alt=\"\" srcset=\"https:\/\/icrop.com\/wp-content\/uploads\/2024\/12\/GMN-Agrifirm-1024x1024.png 1024w, https:\/\/icrop.com\/wp-content\/uploads\/2024\/12\/GMN-Agrifirm-300x300.png 300w, https:\/\/icrop.com\/wp-content\/uploads\/2024\/12\/GMN-Agrifirm-150x150.png 150w, https:\/\/icrop.com\/wp-content\/uploads\/2024\/12\/GMN-Agrifirm-768x768.png 768w, https:\/\/icrop.com\/wp-content\/uploads\/2024\/12\/GMN-Agrifirm-1536x1536.png 1536w, https:\/\/icrop.com\/wp-content\/uploads\/2024\/12\/GMN-Agrifirm-400x400.png 400w, https:\/\/icrop.com\/wp-content\/uploads\/2024\/12\/GMN-Agrifirm-600x600.png 600w, https:\/\/icrop.com\/wp-content\/uploads\/2024\/12\/GMN-Agrifirm.png 2048w\" sizes=\"(max-width: 800px) 100vw, 800px\" \/>\t\t\t\t\t\t\t\t<\/a>\n\t\t\t\t\t\t\t\t\t\t\t\t\t\t\t<\/div>\n\t\t\t\t<\/div>\n\t\t\t\t<div class=\"elementor-element elementor-element-1f411b2 elementor-widget elementor-widget-image\" data-id=\"1f411b2\" data-element_type=\"widget\" data-e-type=\"widget\" data-widget_type=\"image.default\">\n\t\t\t\t<div class=\"elementor-widget-container\">\n\t\t\t\t\t\t\t\t\t\t\t\t\t\t\t\t<a href=\"https:\/\/fresh2you.eu\/\" target=\"_blank\">\n\t\t\t\t\t\t\t<img decoding=\"async\" width=\"350\" height=\"188\" src=\"https:\/\/icrop.com\/wp-content\/uploads\/2024\/12\/Fresh2you.png\" class=\"elementor-animation-shrink attachment-large size-large wp-image-8746\" alt=\"\" srcset=\"https:\/\/icrop.com\/wp-content\/uploads\/2024\/12\/Fresh2you.png 350w, https:\/\/icrop.com\/wp-content\/uploads\/2024\/12\/Fresh2you-300x161.png 300w\" sizes=\"(max-width: 350px) 100vw, 350px\" \/>\t\t\t\t\t\t\t\t<\/a>\n\t\t\t\t\t\t\t\t\t\t\t\t\t\t\t<\/div>\n\t\t\t\t<\/div>\n\t\t\t\t<div class=\"elementor-element elementor-element-2143cb9 elementor-widget elementor-widget-image\" data-id=\"2143cb9\" data-element_type=\"widget\" data-e-type=\"widget\" data-widget_type=\"image.default\">\n\t\t\t\t<div class=\"elementor-widget-container\">\n\t\t\t\t\t\t\t\t\t\t\t\t\t\t\t\t<a href=\"https:\/\/www.kwizda-agro.com\/en\" target=\"_blank\">\n\t\t\t\t\t\t\t<img loading=\"lazy\" decoding=\"async\" width=\"350\" height=\"175\" src=\"https:\/\/icrop.com\/wp-content\/uploads\/2024\/12\/Kwizda-Agro.png\" class=\"elementor-animation-shrink attachment-large size-large wp-image-8749\" alt=\"\" srcset=\"https:\/\/icrop.com\/wp-content\/uploads\/2024\/12\/Kwizda-Agro.png 350w, https:\/\/icrop.com\/wp-content\/uploads\/2024\/12\/Kwizda-Agro-300x150.png 300w\" sizes=\"(max-width: 350px) 100vw, 350px\" \/>\t\t\t\t\t\t\t\t<\/a>\n\t\t\t\t\t\t\t\t\t\t\t\t\t\t\t<\/div>\n\t\t\t\t<\/div>\n\t\t\t\t<div class=\"elementor-element elementor-element-f73f2f9 elementor-widget elementor-widget-image\" data-id=\"f73f2f9\" data-element_type=\"widget\" data-e-type=\"widget\" data-widget_type=\"image.default\">\n\t\t\t\t<div class=\"elementor-widget-container\">\n\t\t\t\t\t\t\t\t\t\t\t\t\t\t\t\t<a href=\"https:\/\/www.czav.nl\/\" target=\"_blank\">\n\t\t\t\t\t\t\t<img loading=\"lazy\" decoding=\"async\" width=\"304\" height=\"166\" src=\"https:\/\/icrop.com\/wp-content\/uploads\/2024\/12\/icrop-czav.png\" class=\"elementor-animation-shrink attachment-large size-large wp-image-8752\" alt=\"\" srcset=\"https:\/\/icrop.com\/wp-content\/uploads\/2024\/12\/icrop-czav.png 304w, https:\/\/icrop.com\/wp-content\/uploads\/2024\/12\/icrop-czav-300x164.png 300w\" sizes=\"(max-width: 304px) 100vw, 304px\" \/>\t\t\t\t\t\t\t\t<\/a>\n\t\t\t\t\t\t\t\t\t\t\t\t\t\t\t<\/div>\n\t\t\t\t<\/div>\n\t\t\t\t<div class=\"elementor-element elementor-element-9f570a9 elementor-widget elementor-widget-image\" data-id=\"9f570a9\" data-element_type=\"widget\" data-e-type=\"widget\" data-widget_type=\"image.default\">\n\t\t\t\t<div class=\"elementor-widget-container\">\n\t\t\t\t\t\t\t\t\t\t\t\t\t\t\t<img loading=\"lazy\" decoding=\"async\" width=\"800\" height=\"180\" src=\"https:\/\/icrop.com\/wp-content\/uploads\/2024\/12\/BND-Telersvereniging-1024x230.png\" class=\"elementor-animation-shrink attachment-large size-large wp-image-8755\" alt=\"\" srcset=\"https:\/\/icrop.com\/wp-content\/uploads\/2024\/12\/BND-Telersvereniging-1024x230.png 1024w, https:\/\/icrop.com\/wp-content\/uploads\/2024\/12\/BND-Telersvereniging-300x67.png 300w, https:\/\/icrop.com\/wp-content\/uploads\/2024\/12\/BND-Telersvereniging-768x172.png 768w, https:\/\/icrop.com\/wp-content\/uploads\/2024\/12\/BND-Telersvereniging-1536x345.png 1536w, https:\/\/icrop.com\/wp-content\/uploads\/2024\/12\/BND-Telersvereniging-2048x460.png 2048w\" sizes=\"(max-width: 800px) 100vw, 800px\" \/>\t\t\t\t\t\t\t\t\t\t\t\t\t\t\t<\/div>\n\t\t\t\t<\/div>\n\t\t\t\t<\/div>\n\t\t\t\t\t<\/div>\n\t\t\t\t<\/div>\n\t\t\t\t<\/div>\n\t\t","protected":false},"excerpt":{"rendered":"<p>Kontakt Kontaktieren Sie uns! Haben Sie Fragen oder m\u00f6chten Sie berechnen, wie iCrop den ROI Ihres Betriebs verbessern kann? Kontaktieren Sie uns einfach! Unser Team hilft Ihnen gerne bei all Ihren Fragen zur Digitalisierung, Regulierung und effizienteren Bewirtschaftung. Adres: Hogeweg 1055301 LL, Zaltbommel, NLE-mail: info@appsforagri.comTelefon: +31 (0)85 773 14\u00a0 Website: www.icrop.com Gemeinsam gehen wir den [&hellip;]<\/p>\n","protected":false},"author":1,"featured_media":7927,"parent":0,"menu_order":0,"comment_status":"closed","ping_status":"closed","template":"","meta":{"_acf_changed":false,"_eb_attr":"","footnotes":""},"class_list":["post-1998","page","type-page","status-publish","has-post-thumbnail","hentry"],"acf":[],"yoast_head":"<!-- This site is optimized with the Yoast SEO plugin v27.4 - https:\/\/yoast.com\/product\/yoast-seo-wordpress\/ -->\n<title>Kontakt - iCrop.com<\/title>\n<meta name=\"description\" content=\"Kontaktieren Sie uns gerne oder fordern Sie eine Demo an, um mehr \u00fcber iCrop und die vielf\u00e4ltigen M\u00f6glichkeiten unserer L\u00f6sungen zu erfahren.\" \/>\n<meta name=\"robots\" content=\"index, follow, max-snippet:-1, max-image-preview:large, max-video-preview:-1\" \/>\n<link rel=\"canonical\" href=\"https:\/\/icrop.com\/de\/kontakt\/\" \/>\n<meta property=\"og:locale\" content=\"de_DE\" \/>\n<meta property=\"og:type\" content=\"article\" \/>\n<meta property=\"og:title\" content=\"Kontakt - iCrop.com\" \/>\n<meta property=\"og:description\" content=\"Kontaktieren Sie uns gerne oder fordern Sie eine Demo an, um mehr \u00fcber iCrop und die vielf\u00e4ltigen M\u00f6glichkeiten unserer L\u00f6sungen zu erfahren.\" \/>\n<meta property=\"og:url\" content=\"https:\/\/icrop.com\/de\/kontakt\/\" \/>\n<meta property=\"og:site_name\" content=\"iCrop.com\" \/>\n<meta property=\"article:modified_time\" content=\"2025-01-08T10:27:14+00:00\" \/>\n<meta property=\"og:image\" content=\"https:\/\/icrop.com\/wp-content\/uploads\/2024\/12\/IMG-20241210-WA0011.jpg\" \/>\n\t<meta property=\"og:image:width\" content=\"1200\" \/>\n\t<meta property=\"og:image:height\" content=\"1600\" \/>\n\t<meta property=\"og:image:type\" content=\"image\/jpeg\" \/>\n<meta name=\"twitter:card\" content=\"summary_large_image\" \/>\n<meta name=\"twitter:label1\" content=\"Gesch\u00e4tzte Lesezeit\" \/>\n\t<meta name=\"twitter:data1\" content=\"2\u00a0Minuten\" \/>\n<script type=\"application\/ld+json\" class=\"yoast-schema-graph\">{\"@context\":\"https:\\\/\\\/schema.org\",\"@graph\":[{\"@type\":\"WebPage\",\"@id\":\"https:\\\/\\\/icrop.com\\\/de\\\/kontakt\\\/\",\"url\":\"https:\\\/\\\/icrop.com\\\/de\\\/kontakt\\\/\",\"name\":\"Kontakt - iCrop.com\",\"isPartOf\":{\"@id\":\"https:\\\/\\\/icrop.com\\\/#website\"},\"primaryImageOfPage\":{\"@id\":\"https:\\\/\\\/icrop.com\\\/de\\\/kontakt\\\/#primaryimage\"},\"image\":{\"@id\":\"https:\\\/\\\/icrop.com\\\/de\\\/kontakt\\\/#primaryimage\"},\"thumbnailUrl\":\"https:\\\/\\\/icrop.com\\\/wp-content\\\/uploads\\\/2024\\\/12\\\/IMG-20241210-WA0011.jpg\",\"datePublished\":\"2023-09-06T13:07:21+00:00\",\"dateModified\":\"2025-01-08T10:27:14+00:00\",\"description\":\"Kontaktieren Sie uns gerne oder fordern Sie eine Demo an, um mehr \u00fcber iCrop und die vielf\u00e4ltigen M\u00f6glichkeiten unserer L\u00f6sungen zu erfahren.\",\"breadcrumb\":{\"@id\":\"https:\\\/\\\/icrop.com\\\/de\\\/kontakt\\\/#breadcrumb\"},\"inLanguage\":\"de\",\"potentialAction\":[{\"@type\":\"ReadAction\",\"target\":[\"https:\\\/\\\/icrop.com\\\/de\\\/kontakt\\\/\"]}]},{\"@type\":\"ImageObject\",\"inLanguage\":\"de\",\"@id\":\"https:\\\/\\\/icrop.com\\\/de\\\/kontakt\\\/#primaryimage\",\"url\":\"https:\\\/\\\/icrop.com\\\/wp-content\\\/uploads\\\/2024\\\/12\\\/IMG-20241210-WA0011.jpg\",\"contentUrl\":\"https:\\\/\\\/icrop.com\\\/wp-content\\\/uploads\\\/2024\\\/12\\\/IMG-20241210-WA0011.jpg\",\"width\":1200,\"height\":1600},{\"@type\":\"BreadcrumbList\",\"@id\":\"https:\\\/\\\/icrop.com\\\/de\\\/kontakt\\\/#breadcrumb\",\"itemListElement\":[{\"@type\":\"ListItem\",\"position\":1,\"name\":\"Home\",\"item\":\"https:\\\/\\\/icrop.com\\\/de\\\/\"},{\"@type\":\"ListItem\",\"position\":2,\"name\":\"Kontakt\"}]},{\"@type\":\"WebSite\",\"@id\":\"https:\\\/\\\/icrop.com\\\/#website\",\"url\":\"https:\\\/\\\/icrop.com\\\/\",\"name\":\"iCrop.nl\",\"description\":\"Connect data, streamline your proces.\",\"publisher\":{\"@id\":\"https:\\\/\\\/icrop.com\\\/#organization\"},\"potentialAction\":[{\"@type\":\"SearchAction\",\"target\":{\"@type\":\"EntryPoint\",\"urlTemplate\":\"https:\\\/\\\/icrop.com\\\/?s={search_term_string}\"},\"query-input\":{\"@type\":\"PropertyValueSpecification\",\"valueRequired\":true,\"valueName\":\"search_term_string\"}}],\"inLanguage\":\"de\"},{\"@type\":\"Organization\",\"@id\":\"https:\\\/\\\/icrop.com\\\/#organization\",\"name\":\"iCrop.nl\",\"url\":\"https:\\\/\\\/icrop.com\\\/\",\"logo\":{\"@type\":\"ImageObject\",\"inLanguage\":\"de\",\"@id\":\"https:\\\/\\\/icrop.com\\\/#\\\/schema\\\/logo\\\/image\\\/\",\"url\":\"https:\\\/\\\/icrop.com\\\/wp-content\\\/uploads\\\/2024\\\/11\\\/Logo-website.png\",\"contentUrl\":\"https:\\\/\\\/icrop.com\\\/wp-content\\\/uploads\\\/2024\\\/11\\\/Logo-website.png\",\"width\":313,\"height\":93,\"caption\":\"iCrop.nl\"},\"image\":{\"@id\":\"https:\\\/\\\/icrop.com\\\/#\\\/schema\\\/logo\\\/image\\\/\"},\"sameAs\":[\"https:\\\/\\\/www.linkedin.com\\\/company\\\/icrop-nl\\\/\"]}]}<\/script>\n<!-- \/ Yoast SEO plugin. -->","yoast_head_json":{"title":"Kontakt - iCrop.com","description":"Kontaktieren Sie uns gerne oder fordern Sie eine Demo an, um mehr \u00fcber iCrop und die vielf\u00e4ltigen M\u00f6glichkeiten unserer L\u00f6sungen zu erfahren.","robots":{"index":"index","follow":"follow","max-snippet":"max-snippet:-1","max-image-preview":"max-image-preview:large","max-video-preview":"max-video-preview:-1"},"canonical":"https:\/\/icrop.com\/de\/kontakt\/","og_locale":"de_DE","og_type":"article","og_title":"Kontakt - iCrop.com","og_description":"Kontaktieren Sie uns gerne oder fordern Sie eine Demo an, um mehr \u00fcber iCrop und die vielf\u00e4ltigen M\u00f6glichkeiten unserer L\u00f6sungen zu erfahren.","og_url":"https:\/\/icrop.com\/de\/kontakt\/","og_site_name":"iCrop.com","article_modified_time":"2025-01-08T10:27:14+00:00","og_image":[{"width":1200,"height":1600,"url":"https:\/\/icrop.com\/wp-content\/uploads\/2024\/12\/IMG-20241210-WA0011.jpg","type":"image\/jpeg"}],"twitter_card":"summary_large_image","twitter_misc":{"Gesch\u00e4tzte Lesezeit":"2\u00a0Minuten"},"schema":{"@context":"https:\/\/schema.org","@graph":[{"@type":"WebPage","@id":"https:\/\/icrop.com\/de\/kontakt\/","url":"https:\/\/icrop.com\/de\/kontakt\/","name":"Kontakt - iCrop.com","isPartOf":{"@id":"https:\/\/icrop.com\/#website"},"primaryImageOfPage":{"@id":"https:\/\/icrop.com\/de\/kontakt\/#primaryimage"},"image":{"@id":"https:\/\/icrop.com\/de\/kontakt\/#primaryimage"},"thumbnailUrl":"https:\/\/icrop.com\/wp-content\/uploads\/2024\/12\/IMG-20241210-WA0011.jpg","datePublished":"2023-09-06T13:07:21+00:00","dateModified":"2025-01-08T10:27:14+00:00","description":"Kontaktieren Sie uns gerne oder fordern Sie eine Demo an, um mehr \u00fcber iCrop und die vielf\u00e4ltigen M\u00f6glichkeiten unserer L\u00f6sungen zu erfahren.","breadcrumb":{"@id":"https:\/\/icrop.com\/de\/kontakt\/#breadcrumb"},"inLanguage":"de","potentialAction":[{"@type":"ReadAction","target":["https:\/\/icrop.com\/de\/kontakt\/"]}]},{"@type":"ImageObject","inLanguage":"de","@id":"https:\/\/icrop.com\/de\/kontakt\/#primaryimage","url":"https:\/\/icrop.com\/wp-content\/uploads\/2024\/12\/IMG-20241210-WA0011.jpg","contentUrl":"https:\/\/icrop.com\/wp-content\/uploads\/2024\/12\/IMG-20241210-WA0011.jpg","width":1200,"height":1600},{"@type":"BreadcrumbList","@id":"https:\/\/icrop.com\/de\/kontakt\/#breadcrumb","itemListElement":[{"@type":"ListItem","position":1,"name":"Home","item":"https:\/\/icrop.com\/de\/"},{"@type":"ListItem","position":2,"name":"Kontakt"}]},{"@type":"WebSite","@id":"https:\/\/icrop.com\/#website","url":"https:\/\/icrop.com\/","name":"iCrop.nl","description":"Connect data, streamline your proces.","publisher":{"@id":"https:\/\/icrop.com\/#organization"},"potentialAction":[{"@type":"SearchAction","target":{"@type":"EntryPoint","urlTemplate":"https:\/\/icrop.com\/?s={search_term_string}"},"query-input":{"@type":"PropertyValueSpecification","valueRequired":true,"valueName":"search_term_string"}}],"inLanguage":"de"},{"@type":"Organization","@id":"https:\/\/icrop.com\/#organization","name":"iCrop.nl","url":"https:\/\/icrop.com\/","logo":{"@type":"ImageObject","inLanguage":"de","@id":"https:\/\/icrop.com\/#\/schema\/logo\/image\/","url":"https:\/\/icrop.com\/wp-content\/uploads\/2024\/11\/Logo-website.png","contentUrl":"https:\/\/icrop.com\/wp-content\/uploads\/2024\/11\/Logo-website.png","width":313,"height":93,"caption":"iCrop.nl"},"image":{"@id":"https:\/\/icrop.com\/#\/schema\/logo\/image\/"},"sameAs":["https:\/\/www.linkedin.com\/company\/icrop-nl\/"]}]}},"_links":{"self":[{"href":"https:\/\/icrop.com\/de\/wp-json\/wp\/v2\/pages\/1998","targetHints":{"allow":["GET"]}}],"collection":[{"href":"https:\/\/icrop.com\/de\/wp-json\/wp\/v2\/pages"}],"about":[{"href":"https:\/\/icrop.com\/de\/wp-json\/wp\/v2\/types\/page"}],"author":[{"embeddable":true,"href":"https:\/\/icrop.com\/de\/wp-json\/wp\/v2\/users\/1"}],"replies":[{"embeddable":true,"href":"https:\/\/icrop.com\/de\/wp-json\/wp\/v2\/comments?post=1998"}],"version-history":[{"count":5,"href":"https:\/\/icrop.com\/de\/wp-json\/wp\/v2\/pages\/1998\/revisions"}],"predecessor-version":[{"id":10560,"href":"https:\/\/icrop.com\/de\/wp-json\/wp\/v2\/pages\/1998\/revisions\/10560"}],"wp:featuredmedia":[{"embeddable":true,"href":"https:\/\/icrop.com\/de\/wp-json\/wp\/v2\/media\/7927"}],"wp:attachment":[{"href":"https:\/\/icrop.com\/de\/wp-json\/wp\/v2\/media?parent=1998"}],"curies":[{"name":"wp","href":"https:\/\/api.w.org\/{rel}","templated":true}]}}