{"id":1901,"date":"2023-09-08T13:22:40","date_gmt":"2023-09-08T11:22:40","guid":{"rendered":"https:\/\/icrop.nl\/demo-anfordern-icrop\/"},"modified":"2025-01-29T11:38:00","modified_gmt":"2025-01-29T10:38:00","slug":"demo-anfordern-icrop","status":"publish","type":"page","link":"https:\/\/icrop.com\/de\/demo-anfordern-icrop\/","title":{"rendered":"Demo anfordern iCrop"},"content":{"rendered":"\t\t<div data-elementor-type=\"wp-page\" data-elementor-id=\"1901\" class=\"elementor elementor-1901 elementor-1230\" data-elementor-post-type=\"page\">\n\t\t\t\t<div class=\"elementor-element elementor-element-fa005a7 e-flex e-con-boxed e-con e-parent\" data-id=\"fa005a7\" data-element_type=\"container\" data-e-type=\"container\">\n\t\t\t\t\t<div class=\"e-con-inner\">\n\t\t\t\t\t<\/div>\n\t\t\t\t<\/div>\n\t\t<div class=\"elementor-element elementor-element-528d550 e-flex e-con-boxed e-con e-parent\" data-id=\"528d550\" data-element_type=\"container\" data-e-type=\"container\" data-settings=\"{&quot;background_background&quot;:&quot;classic&quot;}\">\n\t\t\t\t\t<div class=\"e-con-inner\">\n\t\t\t\t<div class=\"elementor-element elementor-element-d772430 elementor-widget elementor-widget-spacer\" data-id=\"d772430\" data-element_type=\"widget\" data-e-type=\"widget\" data-widget_type=\"spacer.default\">\n\t\t\t\t<div class=\"elementor-widget-container\">\n\t\t\t\t\t\t\t<div class=\"elementor-spacer\">\n\t\t\t<div class=\"elementor-spacer-inner\"><\/div>\n\t\t<\/div>\n\t\t\t\t\t\t<\/div>\n\t\t\t\t<\/div>\n\t\t<div class=\"elementor-element elementor-element-485cb39 e-con-full e-flex e-con e-child\" data-id=\"485cb39\" data-element_type=\"container\" data-e-type=\"container\" data-settings=\"{&quot;background_background&quot;:&quot;classic&quot;}\">\n\t\t\t\t<div class=\"elementor-element elementor-element-6d8d6fe elementor-widget__width-initial elementor-widget elementor-widget-heading\" data-id=\"6d8d6fe\" data-element_type=\"widget\" data-e-type=\"widget\" data-widget_type=\"heading.default\">\n\t\t\t\t<div class=\"elementor-widget-container\">\n\t\t\t\t\t<h2 class=\"elementor-heading-title elementor-size-default\">Fordern Sie\neine Demo an<\/h2>\t\t\t\t<\/div>\n\t\t\t\t<\/div>\n\t\t\t\t<\/div>\n\t\t\t\t\t<\/div>\n\t\t\t\t<\/div>\n\t\t<div class=\"elementor-element elementor-element-93033c0 e-flex e-con-boxed e-con e-parent\" data-id=\"93033c0\" data-element_type=\"container\" data-e-type=\"container\">\n\t\t\t\t\t<div class=\"e-con-inner\">\n\t\t<div class=\"elementor-element elementor-element-20b6429 e-con-full e-flex e-con e-child\" data-id=\"20b6429\" data-element_type=\"container\" data-e-type=\"container\">\n\t\t<div class=\"elementor-element elementor-element-360b2f0 e-con-full e-flex e-con e-child\" data-id=\"360b2f0\" data-element_type=\"container\" data-e-type=\"container\" data-settings=\"{&quot;background_background&quot;:&quot;classic&quot;}\">\n\t\t\t\t<div class=\"elementor-element elementor-element-06ee442 elementor-widget__width-initial elementor-widget elementor-widget-heading\" data-id=\"06ee442\" data-element_type=\"widget\" data-e-type=\"widget\" data-settings=\"{&quot;_animation&quot;:&quot;none&quot;}\" data-widget_type=\"heading.default\">\n\t\t\t\t<div class=\"elementor-widget-container\">\n\t\t\t\t\t<h2 class=\"elementor-heading-title elementor-size-default\">Finden Sie heraus, wie iCrop Ihr Unternehmen ver\u00e4ndern kann<\/h2>\t\t\t\t<\/div>\n\t\t\t\t<\/div>\n\t\t\t\t<div class=\"elementor-element elementor-element-95d7c74 elementor-position-inline-start elementor-mobile-position-inline-start elementor-view-default elementor-widget elementor-widget-icon-box\" data-id=\"95d7c74\" data-element_type=\"widget\" data-e-type=\"widget\" data-widget_type=\"icon-box.default\">\n\t\t\t\t<div class=\"elementor-widget-container\">\n\t\t\t\t\t\t\t<div class=\"elementor-icon-box-wrapper\">\n\n\t\t\t\t\t\t<div class=\"elementor-icon-box-icon\">\n\t\t\t\t<span  class=\"elementor-icon\">\n\t\t\t\t<i aria-hidden=\"true\" class=\"fal fa-check\"><\/i>\t\t\t\t<\/span>\n\t\t\t<\/div>\n\t\t\t\n\t\t\t\t\t\t<div class=\"elementor-icon-box-content\">\n\n\t\t\t\t\t\t\t\t\t<h3 class=\"elementor-icon-box-title\">\n\t\t\t\t\t\t<span  >\n\t\t\t\t\t\t\tWas k\u00f6nnen Sie w\u00e4hrend der Demo erwarten?\t\t\t\t\t\t<\/span>\n\t\t\t\t\t<\/h3>\n\t\t\t\t\n\t\t\t\t\t\t\t\t\t<p class=\"elementor-icon-box-description\">\n\t\t\t\t\t\tEin vollst\u00e4ndiger \u00dcberblick \u00fcber die Funktionen von iCrop Erfahren Sie, wie unsere Software funktioniert und wie Sie mit automatisierten Arbeitsabl\u00e4ufen Zeit sparen.\t\t\t\t\t<\/p>\n\t\t\t\t\n\t\t\t<\/div>\n\t\t\t\n\t\t<\/div>\n\t\t\t\t\t\t<\/div>\n\t\t\t\t<\/div>\n\t\t\t\t<div class=\"elementor-element elementor-element-9c9dd01 elementor-position-inline-start elementor-mobile-position-inline-start elementor-view-default elementor-widget elementor-widget-icon-box\" data-id=\"9c9dd01\" data-element_type=\"widget\" data-e-type=\"widget\" data-widget_type=\"icon-box.default\">\n\t\t\t\t<div class=\"elementor-widget-container\">\n\t\t\t\t\t\t\t<div class=\"elementor-icon-box-wrapper\">\n\n\t\t\t\t\t\t<div class=\"elementor-icon-box-icon\">\n\t\t\t\t<span  class=\"elementor-icon\">\n\t\t\t\t<i aria-hidden=\"true\" class=\"fal fa-check\"><\/i>\t\t\t\t<\/span>\n\t\t\t<\/div>\n\t\t\t\n\t\t\t\t\t\t<div class=\"elementor-icon-box-content\">\n\n\t\t\t\t\t\t\t\t\t<h3 class=\"elementor-icon-box-title\">\n\t\t\t\t\t\t<span  >\n\t\t\t\t\t\t\tPraktische Anwendungen f\u00fcr Ihr Unternehmen\t\t\t\t\t\t<\/span>\n\t\t\t\t\t<\/h3>\n\t\t\t\t\n\t\t\t\t\t\t\t\t\t<p class=\"elementor-icon-box-description\">\n\t\t\t\t\t\tWir zeigen Ihnen, wie iCrop speziell auf die Bed\u00fcrfnisse Ihres Unternehmens zugeschnitten ist und Ihre Prozesse optimiert.\t\t\t\t\t<\/p>\n\t\t\t\t\n\t\t\t<\/div>\n\t\t\t\n\t\t<\/div>\n\t\t\t\t\t\t<\/div>\n\t\t\t\t<\/div>\n\t\t\t\t<div class=\"elementor-element elementor-element-6c1472c elementor-position-inline-start elementor-mobile-position-inline-start elementor-view-default elementor-widget elementor-widget-icon-box\" data-id=\"6c1472c\" data-element_type=\"widget\" data-e-type=\"widget\" data-widget_type=\"icon-box.default\">\n\t\t\t\t<div class=\"elementor-widget-container\">\n\t\t\t\t\t\t\t<div class=\"elementor-icon-box-wrapper\">\n\n\t\t\t\t\t\t<div class=\"elementor-icon-box-icon\">\n\t\t\t\t<span  class=\"elementor-icon\">\n\t\t\t\t<i aria-hidden=\"true\" class=\"fal fa-check\"><\/i>\t\t\t\t<\/span>\n\t\t\t<\/div>\n\t\t\t\n\t\t\t\t\t\t<div class=\"elementor-icon-box-content\">\n\n\t\t\t\t\t\t\t\t\t<h3 class=\"elementor-icon-box-title\">\n\t\t\t\t\t\t<span  >\n\t\t\t\t\t\t\tSofortiger Einblick in potenzielle Vorteile\t\t\t\t\t\t<\/span>\n\t\t\t\t\t<\/h3>\n\t\t\t\t\n\t\t\t\t\t\t\t\t\t<p class=\"elementor-icon-box-description\">\n\t\t\t\t\t\tBerechnen Sie gemeinsam mit unserem Experten, wie Ihr Unternehmen mit iCrop Zeit, Geld und Energie sparen kann.\t\t\t\t\t<\/p>\n\t\t\t\t\n\t\t\t<\/div>\n\t\t\t\n\t\t<\/div>\n\t\t\t\t\t\t<\/div>\n\t\t\t\t<\/div>\n\t\t\t\t<\/div>\n\t\t\t\t<\/div>\n\t\t<div class=\"elementor-element elementor-element-326bcd8 e-con-full e-flex e-con e-child\" data-id=\"326bcd8\" data-element_type=\"container\" data-e-type=\"container\">\n\t\t<div class=\"elementor-element elementor-element-344100d e-con-full e-flex e-con e-child\" data-id=\"344100d\" data-element_type=\"container\" data-e-type=\"container\">\n\t\t\t\t<div class=\"elementor-element elementor-element-c580bb8 elementor-widget elementor-widget-heading\" data-id=\"c580bb8\" data-element_type=\"widget\" data-e-type=\"widget\" data-widget_type=\"heading.default\">\n\t\t\t\t<div class=\"elementor-widget-container\">\n\t\t\t\t\t<h2 class=\"elementor-heading-title elementor-size-default\">Kostenlose Demo anfordern<\/h2>\t\t\t\t<\/div>\n\t\t\t\t<\/div>\n\t\t\t\t<div class=\"elementor-element elementor-element-6e82d13 elementor-widget elementor-widget-text-editor\" data-id=\"6e82d13\" data-element_type=\"widget\" data-e-type=\"widget\" data-widget_type=\"text-editor.default\">\n\t\t\t\t<div class=\"elementor-widget-container\">\n\t\t\t\t\t\t\t\t\t<p>Fordern Sie eine kostenlose Demo an und \u00fcberzeugen Sie sich selbst von den Vorteilen von iCrop!<\/p>\t\t\t\t\t\t\t\t<\/div>\n\t\t\t\t<\/div>\n\t\t\t\t<div class=\"elementor-element elementor-element-0d1bf8d elementor-widget elementor-widget-html\" data-id=\"0d1bf8d\" data-element_type=\"widget\" data-e-type=\"widget\" data-widget_type=\"html.default\">\n\t\t\t\t<div class=\"elementor-widget-container\">\n\t\t\t\t\t<script charset=\"utf-8\" type=\"text\/javascript\" src=\"\/\/js-eu1.hsforms.net\/forms\/embed\/v2.js\"><\/script>\r\n<script>\r\n  hbspt.forms.create({\r\n    portalId: \"144052393\",\r\n    formId: \"c72b54d1-17fa-4d1c-9ead-9b8eb087e9c4\"\r\n  });\r\n<\/script>\t\t\t\t<\/div>\n\t\t\t\t<\/div>\n\t\t\t\t<\/div>\n\t\t\t\t<\/div>\n\t\t\t\t\t<\/div>\n\t\t\t\t<\/div>\n\t\t<div class=\"elementor-element elementor-element-fcf573d e-flex e-con-boxed e-con e-parent\" data-id=\"fcf573d\" data-element_type=\"container\" data-e-type=\"container\">\n\t\t\t\t\t<div class=\"e-con-inner\">\n\t\t<div class=\"elementor-element elementor-element-039366f e-grid e-con-full e-con e-child\" data-id=\"039366f\" data-element_type=\"container\" data-e-type=\"container\">\n\t\t\t\t<div class=\"elementor-element elementor-element-80fc82f elementor-widget elementor-widget-image\" data-id=\"80fc82f\" data-element_type=\"widget\" data-e-type=\"widget\" data-widget_type=\"image.default\">\n\t\t\t\t<div class=\"elementor-widget-container\">\n\t\t\t\t\t\t\t\t\t\t\t\t\t\t\t\t<a href=\"https:\/\/gourmet.nl\/\">\n\t\t\t\t\t\t\t<img fetchpriority=\"high\" decoding=\"async\" width=\"611\" height=\"611\" src=\"https:\/\/icrop.com\/wp-content\/uploads\/2024\/12\/Gourmet.png\" class=\"elementor-animation-shrink attachment-large size-large wp-image-8740\" alt=\"\" srcset=\"https:\/\/icrop.com\/wp-content\/uploads\/2024\/12\/Gourmet.png 611w, https:\/\/icrop.com\/wp-content\/uploads\/2024\/12\/Gourmet-300x300.png 300w, https:\/\/icrop.com\/wp-content\/uploads\/2024\/12\/Gourmet-150x150.png 150w, https:\/\/icrop.com\/wp-content\/uploads\/2024\/12\/Gourmet-400x400.png 400w, https:\/\/icrop.com\/wp-content\/uploads\/2024\/12\/Gourmet-600x600.png 600w\" sizes=\"(max-width: 611px) 100vw, 611px\" \/>\t\t\t\t\t\t\t\t<\/a>\n\t\t\t\t\t\t\t\t\t\t\t\t\t\t\t<\/div>\n\t\t\t\t<\/div>\n\t\t\t\t<div class=\"elementor-element elementor-element-91bef42 elementor-widget elementor-widget-image\" data-id=\"91bef42\" data-element_type=\"widget\" data-e-type=\"widget\" data-widget_type=\"image.default\">\n\t\t\t\t<div class=\"elementor-widget-container\">\n\t\t\t\t\t\t\t\t\t\t\t\t\t\t\t\t<a href=\"https:\/\/www.agrifirm.nl\/\">\n\t\t\t\t\t\t\t<img decoding=\"async\" width=\"800\" height=\"800\" src=\"https:\/\/icrop.com\/wp-content\/uploads\/2024\/12\/GMN-Agrifirm-1024x1024.png\" class=\"elementor-animation-shrink attachment-large size-large wp-image-8743\" alt=\"\" srcset=\"https:\/\/icrop.com\/wp-content\/uploads\/2024\/12\/GMN-Agrifirm-1024x1024.png 1024w, https:\/\/icrop.com\/wp-content\/uploads\/2024\/12\/GMN-Agrifirm-300x300.png 300w, https:\/\/icrop.com\/wp-content\/uploads\/2024\/12\/GMN-Agrifirm-150x150.png 150w, https:\/\/icrop.com\/wp-content\/uploads\/2024\/12\/GMN-Agrifirm-768x768.png 768w, https:\/\/icrop.com\/wp-content\/uploads\/2024\/12\/GMN-Agrifirm-1536x1536.png 1536w, https:\/\/icrop.com\/wp-content\/uploads\/2024\/12\/GMN-Agrifirm-400x400.png 400w, https:\/\/icrop.com\/wp-content\/uploads\/2024\/12\/GMN-Agrifirm-600x600.png 600w, https:\/\/icrop.com\/wp-content\/uploads\/2024\/12\/GMN-Agrifirm.png 2048w\" sizes=\"(max-width: 800px) 100vw, 800px\" \/>\t\t\t\t\t\t\t\t<\/a>\n\t\t\t\t\t\t\t\t\t\t\t\t\t\t\t<\/div>\n\t\t\t\t<\/div>\n\t\t\t\t<div class=\"elementor-element elementor-element-6bcc0ef elementor-widget elementor-widget-image\" data-id=\"6bcc0ef\" data-element_type=\"widget\" data-e-type=\"widget\" data-widget_type=\"image.default\">\n\t\t\t\t<div class=\"elementor-widget-container\">\n\t\t\t\t\t\t\t\t\t\t\t\t\t\t\t\t<a href=\"https:\/\/fresh2you.eu\/\">\n\t\t\t\t\t\t\t<img decoding=\"async\" width=\"350\" height=\"188\" src=\"https:\/\/icrop.com\/wp-content\/uploads\/2024\/12\/Fresh2you.png\" class=\"elementor-animation-shrink attachment-large size-large wp-image-8746\" alt=\"\" srcset=\"https:\/\/icrop.com\/wp-content\/uploads\/2024\/12\/Fresh2you.png 350w, https:\/\/icrop.com\/wp-content\/uploads\/2024\/12\/Fresh2you-300x161.png 300w\" sizes=\"(max-width: 350px) 100vw, 350px\" \/>\t\t\t\t\t\t\t\t<\/a>\n\t\t\t\t\t\t\t\t\t\t\t\t\t\t\t<\/div>\n\t\t\t\t<\/div>\n\t\t\t\t<div class=\"elementor-element elementor-element-077e1bf elementor-widget elementor-widget-image\" data-id=\"077e1bf\" data-element_type=\"widget\" data-e-type=\"widget\" data-widget_type=\"image.default\">\n\t\t\t\t<div class=\"elementor-widget-container\">\n\t\t\t\t\t\t\t\t\t\t\t\t\t\t\t\t<a href=\"https:\/\/www.kwizda-agro.com\/en\">\n\t\t\t\t\t\t\t<img loading=\"lazy\" decoding=\"async\" width=\"350\" height=\"175\" src=\"https:\/\/icrop.com\/wp-content\/uploads\/2024\/12\/Kwizda-Agro.png\" class=\"elementor-animation-shrink attachment-large size-large wp-image-8749\" alt=\"\" srcset=\"https:\/\/icrop.com\/wp-content\/uploads\/2024\/12\/Kwizda-Agro.png 350w, https:\/\/icrop.com\/wp-content\/uploads\/2024\/12\/Kwizda-Agro-300x150.png 300w\" sizes=\"(max-width: 350px) 100vw, 350px\" \/>\t\t\t\t\t\t\t\t<\/a>\n\t\t\t\t\t\t\t\t\t\t\t\t\t\t\t<\/div>\n\t\t\t\t<\/div>\n\t\t\t\t<div class=\"elementor-element elementor-element-d06e997 elementor-widget elementor-widget-image\" data-id=\"d06e997\" data-element_type=\"widget\" data-e-type=\"widget\" data-widget_type=\"image.default\">\n\t\t\t\t<div class=\"elementor-widget-container\">\n\t\t\t\t\t\t\t\t\t\t\t\t\t\t\t\t<a href=\"https:\/\/www.czav.nl\/\">\n\t\t\t\t\t\t\t<img loading=\"lazy\" decoding=\"async\" width=\"304\" height=\"166\" src=\"https:\/\/icrop.com\/wp-content\/uploads\/2024\/12\/icrop-czav.png\" class=\"elementor-animation-shrink attachment-large size-large wp-image-8752\" alt=\"\" srcset=\"https:\/\/icrop.com\/wp-content\/uploads\/2024\/12\/icrop-czav.png 304w, https:\/\/icrop.com\/wp-content\/uploads\/2024\/12\/icrop-czav-300x164.png 300w\" sizes=\"(max-width: 304px) 100vw, 304px\" \/>\t\t\t\t\t\t\t\t<\/a>\n\t\t\t\t\t\t\t\t\t\t\t\t\t\t\t<\/div>\n\t\t\t\t<\/div>\n\t\t\t\t<div class=\"elementor-element elementor-element-3530d3c elementor-widget elementor-widget-image\" data-id=\"3530d3c\" data-element_type=\"widget\" data-e-type=\"widget\" data-widget_type=\"image.default\">\n\t\t\t\t<div class=\"elementor-widget-container\">\n\t\t\t\t\t\t\t\t\t\t\t\t\t\t\t<img loading=\"lazy\" decoding=\"async\" width=\"800\" height=\"180\" src=\"https:\/\/icrop.com\/wp-content\/uploads\/2024\/12\/BND-Telersvereniging-1024x230.png\" class=\"elementor-animation-shrink attachment-large size-large wp-image-8755\" alt=\"\" srcset=\"https:\/\/icrop.com\/wp-content\/uploads\/2024\/12\/BND-Telersvereniging-1024x230.png 1024w, https:\/\/icrop.com\/wp-content\/uploads\/2024\/12\/BND-Telersvereniging-300x67.png 300w, https:\/\/icrop.com\/wp-content\/uploads\/2024\/12\/BND-Telersvereniging-768x172.png 768w, https:\/\/icrop.com\/wp-content\/uploads\/2024\/12\/BND-Telersvereniging-1536x345.png 1536w, https:\/\/icrop.com\/wp-content\/uploads\/2024\/12\/BND-Telersvereniging-2048x460.png 2048w\" sizes=\"(max-width: 800px) 100vw, 800px\" \/>\t\t\t\t\t\t\t\t\t\t\t\t\t\t\t<\/div>\n\t\t\t\t<\/div>\n\t\t\t\t<\/div>\n\t\t\t\t\t<\/div>\n\t\t\t\t<\/div>\n\t\t\t\t<\/div>\n\t\t","protected":false},"excerpt":{"rendered":"<p>Fordern Sie eine Demo an Finden Sie heraus, wie iCrop Ihr Unternehmen ver\u00e4ndern kann Was k\u00f6nnen Sie w\u00e4hrend der Demo erwarten? Ein vollst\u00e4ndiger \u00dcberblick \u00fcber die Funktionen von iCrop Erfahren Sie, wie unsere Software funktioniert und wie Sie mit automatisierten Arbeitsabl\u00e4ufen Zeit sparen. Praktische Anwendungen f\u00fcr Ihr Unternehmen Wir zeigen Ihnen, wie iCrop speziell auf [&hellip;]<\/p>\n","protected":false},"author":1,"featured_media":8737,"parent":0,"menu_order":0,"comment_status":"closed","ping_status":"closed","template":"","meta":{"_acf_changed":false,"_eb_attr":"","footnotes":""},"class_list":["post-1901","page","type-page","status-publish","has-post-thumbnail","hentry"],"acf":[],"yoast_head":"<!-- This site is optimized with the Yoast SEO plugin v27.0 - https:\/\/yoast.com\/product\/yoast-seo-wordpress\/ -->\n<title>Demo anfordern iCrop - iCrop.com<\/title>\n<meta name=\"description\" content=\"Entdecken Sie unsere f\u00fchrenden L\u00f6sungen f\u00fcr Landwirtschaft und Gartenbau. Fordern Sie jetzt eine Demo an und \u00fcberzeugen Sie sich von iCrop.\" \/>\n<meta name=\"robots\" content=\"index, follow, max-snippet:-1, max-image-preview:large, max-video-preview:-1\" \/>\n<link rel=\"canonical\" href=\"https:\/\/icrop.com\/de\/demo-anfordern-icrop\/\" \/>\n<meta property=\"og:locale\" content=\"de_DE\" \/>\n<meta property=\"og:type\" content=\"article\" \/>\n<meta property=\"og:title\" content=\"Demo anfordern iCrop - iCrop.com\" \/>\n<meta property=\"og:description\" content=\"Entdecken Sie unsere f\u00fchrenden L\u00f6sungen f\u00fcr Landwirtschaft und Gartenbau. Fordern Sie jetzt eine Demo an und \u00fcberzeugen Sie sich von iCrop.\" \/>\n<meta property=\"og:url\" content=\"https:\/\/icrop.com\/de\/demo-anfordern-icrop\/\" \/>\n<meta property=\"og:site_name\" content=\"iCrop.com\" \/>\n<meta property=\"article:modified_time\" content=\"2025-01-29T10:38:00+00:00\" \/>\n<meta property=\"og:image\" content=\"https:\/\/icrop.com\/wp-content\/uploads\/2024\/12\/Desktop-en-mobiel_iCrop-e1732705131789.png\" \/>\n\t<meta property=\"og:image:width\" content=\"728\" \/>\n\t<meta property=\"og:image:height\" content=\"517\" \/>\n\t<meta property=\"og:image:type\" content=\"image\/png\" \/>\n<meta name=\"twitter:card\" content=\"summary_large_image\" \/>\n<meta name=\"twitter:label1\" content=\"Gesch\u00e4tzte Lesezeit\" \/>\n\t<meta name=\"twitter:data1\" content=\"2\u00a0Minuten\" \/>\n<script type=\"application\/ld+json\" class=\"yoast-schema-graph\">{\"@context\":\"https:\/\/schema.org\",\"@graph\":[{\"@type\":\"WebPage\",\"@id\":\"https:\/\/icrop.com\/de\/demo-anfordern-icrop\/\",\"url\":\"https:\/\/icrop.com\/de\/demo-anfordern-icrop\/\",\"name\":\"Demo anfordern iCrop - iCrop.com\",\"isPartOf\":{\"@id\":\"https:\/\/icrop.com\/#website\"},\"primaryImageOfPage\":{\"@id\":\"https:\/\/icrop.com\/de\/demo-anfordern-icrop\/#primaryimage\"},\"image\":{\"@id\":\"https:\/\/icrop.com\/de\/demo-anfordern-icrop\/#primaryimage\"},\"thumbnailUrl\":\"https:\/\/icrop.com\/wp-content\/uploads\/2024\/12\/Desktop-en-mobiel_iCrop-e1732705131789.png\",\"datePublished\":\"2023-09-08T11:22:40+00:00\",\"dateModified\":\"2025-01-29T10:38:00+00:00\",\"description\":\"Entdecken Sie unsere f\u00fchrenden L\u00f6sungen f\u00fcr Landwirtschaft und Gartenbau. Fordern Sie jetzt eine Demo an und \u00fcberzeugen Sie sich von iCrop.\",\"breadcrumb\":{\"@id\":\"https:\/\/icrop.com\/de\/demo-anfordern-icrop\/#breadcrumb\"},\"inLanguage\":\"de\",\"potentialAction\":[{\"@type\":\"ReadAction\",\"target\":[\"https:\/\/icrop.com\/de\/demo-anfordern-icrop\/\"]}]},{\"@type\":\"ImageObject\",\"inLanguage\":\"de\",\"@id\":\"https:\/\/icrop.com\/de\/demo-anfordern-icrop\/#primaryimage\",\"url\":\"https:\/\/icrop.com\/wp-content\/uploads\/2024\/12\/Desktop-en-mobiel_iCrop-e1732705131789.png\",\"contentUrl\":\"https:\/\/icrop.com\/wp-content\/uploads\/2024\/12\/Desktop-en-mobiel_iCrop-e1732705131789.png\",\"width\":728,\"height\":517},{\"@type\":\"BreadcrumbList\",\"@id\":\"https:\/\/icrop.com\/de\/demo-anfordern-icrop\/#breadcrumb\",\"itemListElement\":[{\"@type\":\"ListItem\",\"position\":1,\"name\":\"Home\",\"item\":\"https:\/\/icrop.com\/de\/\"},{\"@type\":\"ListItem\",\"position\":2,\"name\":\"Demo anfordern iCrop\"}]},{\"@type\":\"WebSite\",\"@id\":\"https:\/\/icrop.com\/#website\",\"url\":\"https:\/\/icrop.com\/\",\"name\":\"iCrop.nl\",\"description\":\"Connect data, streamline your proces.\",\"publisher\":{\"@id\":\"https:\/\/icrop.com\/#organization\"},\"potentialAction\":[{\"@type\":\"SearchAction\",\"target\":{\"@type\":\"EntryPoint\",\"urlTemplate\":\"https:\/\/icrop.com\/?s={search_term_string}\"},\"query-input\":{\"@type\":\"PropertyValueSpecification\",\"valueRequired\":true,\"valueName\":\"search_term_string\"}}],\"inLanguage\":\"de\"},{\"@type\":\"Organization\",\"@id\":\"https:\/\/icrop.com\/#organization\",\"name\":\"iCrop.nl\",\"url\":\"https:\/\/icrop.com\/\",\"logo\":{\"@type\":\"ImageObject\",\"inLanguage\":\"de\",\"@id\":\"https:\/\/icrop.com\/#\/schema\/logo\/image\/\",\"url\":\"https:\/\/icrop.com\/wp-content\/uploads\/2024\/11\/Logo-website.png\",\"contentUrl\":\"https:\/\/icrop.com\/wp-content\/uploads\/2024\/11\/Logo-website.png\",\"width\":313,\"height\":93,\"caption\":\"iCrop.nl\"},\"image\":{\"@id\":\"https:\/\/icrop.com\/#\/schema\/logo\/image\/\"},\"sameAs\":[\"https:\/\/www.linkedin.com\/company\/icrop-nl\/\"]}]}<\/script>\n<!-- \/ Yoast SEO plugin. -->","yoast_head_json":{"title":"Demo anfordern iCrop - iCrop.com","description":"Entdecken Sie unsere f\u00fchrenden L\u00f6sungen f\u00fcr Landwirtschaft und Gartenbau. Fordern Sie jetzt eine Demo an und \u00fcberzeugen Sie sich von iCrop.","robots":{"index":"index","follow":"follow","max-snippet":"max-snippet:-1","max-image-preview":"max-image-preview:large","max-video-preview":"max-video-preview:-1"},"canonical":"https:\/\/icrop.com\/de\/demo-anfordern-icrop\/","og_locale":"de_DE","og_type":"article","og_title":"Demo anfordern iCrop - iCrop.com","og_description":"Entdecken Sie unsere f\u00fchrenden L\u00f6sungen f\u00fcr Landwirtschaft und Gartenbau. Fordern Sie jetzt eine Demo an und \u00fcberzeugen Sie sich von iCrop.","og_url":"https:\/\/icrop.com\/de\/demo-anfordern-icrop\/","og_site_name":"iCrop.com","article_modified_time":"2025-01-29T10:38:00+00:00","og_image":[{"width":728,"height":517,"url":"https:\/\/icrop.com\/wp-content\/uploads\/2024\/12\/Desktop-en-mobiel_iCrop-e1732705131789.png","type":"image\/png"}],"twitter_card":"summary_large_image","twitter_misc":{"Gesch\u00e4tzte Lesezeit":"2\u00a0Minuten"},"schema":{"@context":"https:\/\/schema.org","@graph":[{"@type":"WebPage","@id":"https:\/\/icrop.com\/de\/demo-anfordern-icrop\/","url":"https:\/\/icrop.com\/de\/demo-anfordern-icrop\/","name":"Demo anfordern iCrop - iCrop.com","isPartOf":{"@id":"https:\/\/icrop.com\/#website"},"primaryImageOfPage":{"@id":"https:\/\/icrop.com\/de\/demo-anfordern-icrop\/#primaryimage"},"image":{"@id":"https:\/\/icrop.com\/de\/demo-anfordern-icrop\/#primaryimage"},"thumbnailUrl":"https:\/\/icrop.com\/wp-content\/uploads\/2024\/12\/Desktop-en-mobiel_iCrop-e1732705131789.png","datePublished":"2023-09-08T11:22:40+00:00","dateModified":"2025-01-29T10:38:00+00:00","description":"Entdecken Sie unsere f\u00fchrenden L\u00f6sungen f\u00fcr Landwirtschaft und Gartenbau. Fordern Sie jetzt eine Demo an und \u00fcberzeugen Sie sich von iCrop.","breadcrumb":{"@id":"https:\/\/icrop.com\/de\/demo-anfordern-icrop\/#breadcrumb"},"inLanguage":"de","potentialAction":[{"@type":"ReadAction","target":["https:\/\/icrop.com\/de\/demo-anfordern-icrop\/"]}]},{"@type":"ImageObject","inLanguage":"de","@id":"https:\/\/icrop.com\/de\/demo-anfordern-icrop\/#primaryimage","url":"https:\/\/icrop.com\/wp-content\/uploads\/2024\/12\/Desktop-en-mobiel_iCrop-e1732705131789.png","contentUrl":"https:\/\/icrop.com\/wp-content\/uploads\/2024\/12\/Desktop-en-mobiel_iCrop-e1732705131789.png","width":728,"height":517},{"@type":"BreadcrumbList","@id":"https:\/\/icrop.com\/de\/demo-anfordern-icrop\/#breadcrumb","itemListElement":[{"@type":"ListItem","position":1,"name":"Home","item":"https:\/\/icrop.com\/de\/"},{"@type":"ListItem","position":2,"name":"Demo anfordern iCrop"}]},{"@type":"WebSite","@id":"https:\/\/icrop.com\/#website","url":"https:\/\/icrop.com\/","name":"iCrop.nl","description":"Connect data, streamline your proces.","publisher":{"@id":"https:\/\/icrop.com\/#organization"},"potentialAction":[{"@type":"SearchAction","target":{"@type":"EntryPoint","urlTemplate":"https:\/\/icrop.com\/?s={search_term_string}"},"query-input":{"@type":"PropertyValueSpecification","valueRequired":true,"valueName":"search_term_string"}}],"inLanguage":"de"},{"@type":"Organization","@id":"https:\/\/icrop.com\/#organization","name":"iCrop.nl","url":"https:\/\/icrop.com\/","logo":{"@type":"ImageObject","inLanguage":"de","@id":"https:\/\/icrop.com\/#\/schema\/logo\/image\/","url":"https:\/\/icrop.com\/wp-content\/uploads\/2024\/11\/Logo-website.png","contentUrl":"https:\/\/icrop.com\/wp-content\/uploads\/2024\/11\/Logo-website.png","width":313,"height":93,"caption":"iCrop.nl"},"image":{"@id":"https:\/\/icrop.com\/#\/schema\/logo\/image\/"},"sameAs":["https:\/\/www.linkedin.com\/company\/icrop-nl\/"]}]}},"_links":{"self":[{"href":"https:\/\/icrop.com\/de\/wp-json\/wp\/v2\/pages\/1901","targetHints":{"allow":["GET"]}}],"collection":[{"href":"https:\/\/icrop.com\/de\/wp-json\/wp\/v2\/pages"}],"about":[{"href":"https:\/\/icrop.com\/de\/wp-json\/wp\/v2\/types\/page"}],"author":[{"embeddable":true,"href":"https:\/\/icrop.com\/de\/wp-json\/wp\/v2\/users\/1"}],"replies":[{"embeddable":true,"href":"https:\/\/icrop.com\/de\/wp-json\/wp\/v2\/comments?post=1901"}],"version-history":[{"count":5,"href":"https:\/\/icrop.com\/de\/wp-json\/wp\/v2\/pages\/1901\/revisions"}],"predecessor-version":[{"id":10840,"href":"https:\/\/icrop.com\/de\/wp-json\/wp\/v2\/pages\/1901\/revisions\/10840"}],"wp:featuredmedia":[{"embeddable":true,"href":"https:\/\/icrop.com\/de\/wp-json\/wp\/v2\/media\/8737"}],"wp:attachment":[{"href":"https:\/\/icrop.com\/de\/wp-json\/wp\/v2\/media?parent=1901"}],"curies":[{"name":"wp","href":"https:\/\/api.w.org\/{rel}","templated":true}]}}