{"id":1893,"date":"2023-09-06T14:21:19","date_gmt":"2023-09-06T12:21:19","guid":{"rendered":"https:\/\/icrop.nl\/haftungsausschluss\/"},"modified":"2025-01-09T14:48:39","modified_gmt":"2025-01-09T13:48:39","slug":"haftungsausschluss","status":"publish","type":"page","link":"https:\/\/icrop.com\/de\/haftungsausschluss\/","title":{"rendered":"Haftungsausschluss"},"content":{"rendered":"\t\t<div data-elementor-type=\"wp-page\" data-elementor-id=\"1893\" class=\"elementor elementor-1893 elementor-1091\" data-elementor-post-type=\"page\">\n\t\t\t\t<div class=\"elementor-element elementor-element-3425cf4 e-flex e-con-boxed e-con e-parent\" data-id=\"3425cf4\" data-element_type=\"container\" data-e-type=\"container\" data-settings=\"{&quot;background_background&quot;:&quot;classic&quot;}\">\n\t\t\t\t\t<div class=\"e-con-inner\">\n\t\t\t\t<div class=\"elementor-element elementor-element-9f65cf8 elementor-widget elementor-widget-spacer\" data-id=\"9f65cf8\" data-element_type=\"widget\" data-e-type=\"widget\" data-widget_type=\"spacer.default\">\n\t\t\t\t<div class=\"elementor-widget-container\">\n\t\t\t\t\t\t\t<div class=\"elementor-spacer\">\n\t\t\t<div class=\"elementor-spacer-inner\"><\/div>\n\t\t<\/div>\n\t\t\t\t\t\t<\/div>\n\t\t\t\t<\/div>\n\t\t\t\t\t<\/div>\n\t\t\t\t<\/div>\n\t\t<div class=\"elementor-element elementor-element-5b81f1f6 e-flex e-con-boxed e-con e-parent\" data-id=\"5b81f1f6\" data-element_type=\"container\" data-e-type=\"container\" data-settings=\"{&quot;background_background&quot;:&quot;classic&quot;}\">\n\t\t\t\t\t<div class=\"e-con-inner\">\n\t\t\t\t<div class=\"elementor-element elementor-element-54a4e08f elementor-widget-mobile__width-initial elementor-widget elementor-widget-heading\" data-id=\"54a4e08f\" data-element_type=\"widget\" data-e-type=\"widget\" data-widget_type=\"heading.default\">\n\t\t\t\t<div class=\"elementor-widget-container\">\n\t\t\t\t\t<h1 class=\"elementor-heading-title elementor-size-default\">Haftungsausschluss<\/h1>\t\t\t\t<\/div>\n\t\t\t\t<\/div>\n\t\t\t\t\t<\/div>\n\t\t\t\t<\/div>\n\t\t<div class=\"elementor-element elementor-element-44856ee e-flex e-con-boxed e-con e-parent\" data-id=\"44856ee\" data-element_type=\"container\" data-e-type=\"container\">\n\t\t\t\t\t<div class=\"e-con-inner\">\n\t\t\t\t<div class=\"elementor-element elementor-element-7e00372 elementor-widget elementor-widget-text-editor\" data-id=\"7e00372\" data-element_type=\"widget\" data-e-type=\"widget\" data-widget_type=\"text-editor.default\">\n\t\t\t\t<div class=\"elementor-widget-container\">\n\t\t\t\t\t\t\t\t\t<div class=\"item-page\"><h3><span style=\"color: #18504c;\">Allgemein<\/span><\/h3><p><span style=\"color: #18504c;\">AppsforAgri (Handelskammer: 58299238), im Folgenden AppsforAgri genannt, gew\u00e4hrt Ihnen hiermit Zugang zu <a style=\"color: #18504c;\" href=\"https:\/\/www.appsforagri.com\/\">https:\/\/www.icrop.nl<\/a> und ver\u00f6ffentlicht hier Texte, Bilder und andere Materialien zu Informationszwecken. AppsforAgri beh\u00e4lt sich das Recht vor, den Inhalt jederzeit zu \u00e4ndern oder Teile davon zu entfernen, ohne Sie davon in Kenntnis setzen zu m\u00fcssen. Die Informationen auf <a style=\"color: #18504c;\" href=\"https:\/\/www.appsforagri.com\/\">https:\/\/www.icrop.nl<\/a> sind unverbindlich und stellen kein konkretes Angebot zum Abschluss eines Vertrages dar. Vertr\u00e4ge kommen nur durch die Annahme eines Angebots von AppsforAgri zustande, das als solches gekennzeichnet ist.<\/span><\/p><h5><span style=\"color: #18504c;\">1. Beschr\u00e4nkte Haftung<\/span><\/h5><p><span style=\"color: #18504c;\">AppsforAgri bem\u00fcht sich, den Inhalt von <a style=\"color: #18504c;\" href=\"https:\/\/www.appsforagri.com\/\">https:\/\/www.icrop.nl<\/a> so oft wie m\u00f6glich zu aktualisieren und\/oder zu erg\u00e4nzen. Trotz dieser Sorgfalt und Aufmerksamkeit kann der Inhalt unvollst\u00e4ndig und\/oder fehlerhaft sein. Die auf <a style=\"color: #18504c;\" href=\"https:\/\/www.appsforagri.com\/\">https:\/\/www.icrop.nl<\/a> angebotenen Materialien werden ohne jegliche Garantie oder Anspruch auf Richtigkeit zur Verf\u00fcgung gestellt. Diese Materialien k\u00f6nnen jederzeit und ohne vorherige Ank\u00fcndigung ge\u00e4ndert werden.<\/span><br \/><span style=\"color: #18504c;\">Mitteilung von AppsforAgri. Insbesondere sind alle Preise auf <a style=\"color: #18504c;\" href=\"https:\/\/www.appsforagri.com\/\">https:\/\/www.icrop.nl<\/a> vorbehaltlich von Tipp- und Programmierfehlern. F\u00fcr die Folgen solcher Fehler wird keine Haftung \u00fcbernommen. Nein<\/span><br \/><span style=\"color: #18504c;\">Die Vereinbarung wird auf der Grundlage solcher Fehler getroffen. AppsforAgri kann keine Haftung f\u00fcr Hyperlinks auf <a style=\"color: #18504c;\" href=\"https:\/\/www.appsforagri.com\/\">https:\/\/www.icrop.nl<\/a> zu Websites oder Diensten Dritter \u00fcbernehmen.<\/span><\/p><h5><span style=\"color: #18504c;\">2. Urheberrecht<\/span><\/h5><p><span style=\"color: #18504c;\">Alle geistigen Eigentumsrechte in Bezug auf diese Materialien geh\u00f6ren AppsforAgri und seinen Lizenzgebern. Die Vervielf\u00e4ltigung, Verbreitung und sonstige Nutzung dieser Materialien ist ohne schriftliche Genehmigung nicht gestattet.<\/span><br \/><span style=\"color: #18504c;\">Zustimmung von AppsforAgri, au\u00dfer und nur in dem Ausma\u00df, in dem zwingende Rechtsvorschriften (z.B. Zitatrecht) etwas anderes vorsehen, es sei denn, f\u00fcr bestimmte Materialien ist etwas anderes angegeben.<\/span><\/p><h5><span style=\"color: #18504c;\">3. Andere<\/span><\/h5><p><span style=\"color: #18504c;\">Dieser Haftungsausschluss kann sich von Zeit zu Zeit \u00e4ndern.<\/span><\/p><\/div>\t\t\t\t\t\t\t\t<\/div>\n\t\t\t\t<\/div>\n\t\t\t\t\t<\/div>\n\t\t\t\t<\/div>\n\t\t<div class=\"elementor-element elementor-element-36d8ab8 e-flex e-con-boxed e-con e-parent\" data-id=\"36d8ab8\" data-element_type=\"container\" data-e-type=\"container\">\n\t\t\t\t\t<div class=\"e-con-inner\">\n\t\t\t\t<div class=\"elementor-element elementor-element-89a00f5 elementor-widget elementor-widget-spacer\" data-id=\"89a00f5\" data-element_type=\"widget\" data-e-type=\"widget\" data-widget_type=\"spacer.default\">\n\t\t\t\t<div class=\"elementor-widget-container\">\n\t\t\t\t\t\t\t<div class=\"elementor-spacer\">\n\t\t\t<div class=\"elementor-spacer-inner\"><\/div>\n\t\t<\/div>\n\t\t\t\t\t\t<\/div>\n\t\t\t\t<\/div>\n\t\t\t\t\t<\/div>\n\t\t\t\t<\/div>\n\t\t\t\t<\/div>\n\t\t","protected":false},"excerpt":{"rendered":"<p>Haftungsausschluss Allgemein AppsforAgri (Handelskammer: 58299238), im Folgenden AppsforAgri genannt, gew\u00e4hrt Ihnen hiermit Zugang zu https:\/\/www.icrop.nl und ver\u00f6ffentlicht hier Texte, Bilder und andere Materialien zu Informationszwecken. AppsforAgri beh\u00e4lt sich das Recht vor, den Inhalt jederzeit zu \u00e4ndern oder Teile davon zu entfernen, ohne Sie davon in Kenntnis setzen zu m\u00fcssen. Die Informationen auf https:\/\/www.icrop.nl sind unverbindlich [&hellip;]<\/p>\n","protected":false},"author":1,"featured_media":0,"parent":0,"menu_order":0,"comment_status":"closed","ping_status":"closed","template":"elementor_header_footer","meta":{"_acf_changed":false,"_eb_attr":"","footnotes":""},"class_list":["post-1893","page","type-page","status-publish","hentry"],"acf":[],"yoast_head":"<!-- This site is optimized with the Yoast SEO plugin v27.4 - https:\/\/yoast.com\/product\/yoast-seo-wordpress\/ -->\n<title>Haftungsausschluss - iCrop.com<\/title>\n<meta name=\"robots\" content=\"noindex, nofollow\" \/>\n<meta property=\"og:locale\" content=\"de_DE\" \/>\n<meta property=\"og:type\" content=\"article\" \/>\n<meta property=\"og:title\" content=\"Haftungsausschluss - iCrop.com\" \/>\n<meta property=\"og:description\" content=\"Haftungsausschluss Allgemein AppsforAgri (Handelskammer: 58299238), im Folgenden AppsforAgri genannt, gew\u00e4hrt Ihnen hiermit Zugang zu https:\/\/www.icrop.nl und ver\u00f6ffentlicht hier Texte, Bilder und andere Materialien zu Informationszwecken. AppsforAgri beh\u00e4lt sich das Recht vor, den Inhalt jederzeit zu \u00e4ndern oder Teile davon zu entfernen, ohne Sie davon in Kenntnis setzen zu m\u00fcssen. Die Informationen auf https:\/\/www.icrop.nl sind unverbindlich [&hellip;]\" \/>\n<meta property=\"og:url\" content=\"https:\/\/icrop.com\/de\/haftungsausschluss\/\" \/>\n<meta property=\"og:site_name\" content=\"iCrop.com\" \/>\n<meta property=\"article:modified_time\" content=\"2025-01-09T13:48:39+00:00\" \/>\n<meta name=\"twitter:card\" content=\"summary_large_image\" \/>\n<meta name=\"twitter:label1\" content=\"Gesch\u00e4tzte Lesezeit\" \/>\n\t<meta name=\"twitter:data1\" content=\"2\u00a0Minuten\" \/>\n<script type=\"application\/ld+json\" class=\"yoast-schema-graph\">{\"@context\":\"https:\\\/\\\/schema.org\",\"@graph\":[{\"@type\":\"WebPage\",\"@id\":\"https:\\\/\\\/icrop.com\\\/de\\\/haftungsausschluss\\\/\",\"url\":\"https:\\\/\\\/icrop.com\\\/de\\\/haftungsausschluss\\\/\",\"name\":\"Haftungsausschluss - iCrop.com\",\"isPartOf\":{\"@id\":\"https:\\\/\\\/icrop.com\\\/#website\"},\"datePublished\":\"2023-09-06T12:21:19+00:00\",\"dateModified\":\"2025-01-09T13:48:39+00:00\",\"breadcrumb\":{\"@id\":\"https:\\\/\\\/icrop.com\\\/de\\\/haftungsausschluss\\\/#breadcrumb\"},\"inLanguage\":\"de\",\"potentialAction\":[{\"@type\":\"ReadAction\",\"target\":[\"https:\\\/\\\/icrop.com\\\/de\\\/haftungsausschluss\\\/\"]}]},{\"@type\":\"BreadcrumbList\",\"@id\":\"https:\\\/\\\/icrop.com\\\/de\\\/haftungsausschluss\\\/#breadcrumb\",\"itemListElement\":[{\"@type\":\"ListItem\",\"position\":1,\"name\":\"Home\",\"item\":\"https:\\\/\\\/icrop.com\\\/de\\\/\"},{\"@type\":\"ListItem\",\"position\":2,\"name\":\"Haftungsausschluss\"}]},{\"@type\":\"WebSite\",\"@id\":\"https:\\\/\\\/icrop.com\\\/#website\",\"url\":\"https:\\\/\\\/icrop.com\\\/\",\"name\":\"iCrop.nl\",\"description\":\"Connect data, streamline your proces.\",\"publisher\":{\"@id\":\"https:\\\/\\\/icrop.com\\\/#organization\"},\"potentialAction\":[{\"@type\":\"SearchAction\",\"target\":{\"@type\":\"EntryPoint\",\"urlTemplate\":\"https:\\\/\\\/icrop.com\\\/?s={search_term_string}\"},\"query-input\":{\"@type\":\"PropertyValueSpecification\",\"valueRequired\":true,\"valueName\":\"search_term_string\"}}],\"inLanguage\":\"de\"},{\"@type\":\"Organization\",\"@id\":\"https:\\\/\\\/icrop.com\\\/#organization\",\"name\":\"iCrop.nl\",\"url\":\"https:\\\/\\\/icrop.com\\\/\",\"logo\":{\"@type\":\"ImageObject\",\"inLanguage\":\"de\",\"@id\":\"https:\\\/\\\/icrop.com\\\/#\\\/schema\\\/logo\\\/image\\\/\",\"url\":\"https:\\\/\\\/icrop.com\\\/wp-content\\\/uploads\\\/2024\\\/11\\\/Logo-website.png\",\"contentUrl\":\"https:\\\/\\\/icrop.com\\\/wp-content\\\/uploads\\\/2024\\\/11\\\/Logo-website.png\",\"width\":313,\"height\":93,\"caption\":\"iCrop.nl\"},\"image\":{\"@id\":\"https:\\\/\\\/icrop.com\\\/#\\\/schema\\\/logo\\\/image\\\/\"},\"sameAs\":[\"https:\\\/\\\/www.linkedin.com\\\/company\\\/icrop-nl\\\/\"]}]}<\/script>\n<!-- \/ Yoast SEO plugin. -->","yoast_head_json":{"title":"Haftungsausschluss - iCrop.com","robots":{"index":"noindex","follow":"nofollow"},"og_locale":"de_DE","og_type":"article","og_title":"Haftungsausschluss - iCrop.com","og_description":"Haftungsausschluss Allgemein AppsforAgri (Handelskammer: 58299238), im Folgenden AppsforAgri genannt, gew\u00e4hrt Ihnen hiermit Zugang zu https:\/\/www.icrop.nl und ver\u00f6ffentlicht hier Texte, Bilder und andere Materialien zu Informationszwecken. AppsforAgri beh\u00e4lt sich das Recht vor, den Inhalt jederzeit zu \u00e4ndern oder Teile davon zu entfernen, ohne Sie davon in Kenntnis setzen zu m\u00fcssen. Die Informationen auf https:\/\/www.icrop.nl sind unverbindlich [&hellip;]","og_url":"https:\/\/icrop.com\/de\/haftungsausschluss\/","og_site_name":"iCrop.com","article_modified_time":"2025-01-09T13:48:39+00:00","twitter_card":"summary_large_image","twitter_misc":{"Gesch\u00e4tzte Lesezeit":"2\u00a0Minuten"},"schema":{"@context":"https:\/\/schema.org","@graph":[{"@type":"WebPage","@id":"https:\/\/icrop.com\/de\/haftungsausschluss\/","url":"https:\/\/icrop.com\/de\/haftungsausschluss\/","name":"Haftungsausschluss - iCrop.com","isPartOf":{"@id":"https:\/\/icrop.com\/#website"},"datePublished":"2023-09-06T12:21:19+00:00","dateModified":"2025-01-09T13:48:39+00:00","breadcrumb":{"@id":"https:\/\/icrop.com\/de\/haftungsausschluss\/#breadcrumb"},"inLanguage":"de","potentialAction":[{"@type":"ReadAction","target":["https:\/\/icrop.com\/de\/haftungsausschluss\/"]}]},{"@type":"BreadcrumbList","@id":"https:\/\/icrop.com\/de\/haftungsausschluss\/#breadcrumb","itemListElement":[{"@type":"ListItem","position":1,"name":"Home","item":"https:\/\/icrop.com\/de\/"},{"@type":"ListItem","position":2,"name":"Haftungsausschluss"}]},{"@type":"WebSite","@id":"https:\/\/icrop.com\/#website","url":"https:\/\/icrop.com\/","name":"iCrop.nl","description":"Connect data, streamline your proces.","publisher":{"@id":"https:\/\/icrop.com\/#organization"},"potentialAction":[{"@type":"SearchAction","target":{"@type":"EntryPoint","urlTemplate":"https:\/\/icrop.com\/?s={search_term_string}"},"query-input":{"@type":"PropertyValueSpecification","valueRequired":true,"valueName":"search_term_string"}}],"inLanguage":"de"},{"@type":"Organization","@id":"https:\/\/icrop.com\/#organization","name":"iCrop.nl","url":"https:\/\/icrop.com\/","logo":{"@type":"ImageObject","inLanguage":"de","@id":"https:\/\/icrop.com\/#\/schema\/logo\/image\/","url":"https:\/\/icrop.com\/wp-content\/uploads\/2024\/11\/Logo-website.png","contentUrl":"https:\/\/icrop.com\/wp-content\/uploads\/2024\/11\/Logo-website.png","width":313,"height":93,"caption":"iCrop.nl"},"image":{"@id":"https:\/\/icrop.com\/#\/schema\/logo\/image\/"},"sameAs":["https:\/\/www.linkedin.com\/company\/icrop-nl\/"]}]}},"_links":{"self":[{"href":"https:\/\/icrop.com\/de\/wp-json\/wp\/v2\/pages\/1893","targetHints":{"allow":["GET"]}}],"collection":[{"href":"https:\/\/icrop.com\/de\/wp-json\/wp\/v2\/pages"}],"about":[{"href":"https:\/\/icrop.com\/de\/wp-json\/wp\/v2\/types\/page"}],"author":[{"embeddable":true,"href":"https:\/\/icrop.com\/de\/wp-json\/wp\/v2\/users\/1"}],"replies":[{"embeddable":true,"href":"https:\/\/icrop.com\/de\/wp-json\/wp\/v2\/comments?post=1893"}],"version-history":[{"count":5,"href":"https:\/\/icrop.com\/de\/wp-json\/wp\/v2\/pages\/1893\/revisions"}],"predecessor-version":[{"id":10898,"href":"https:\/\/icrop.com\/de\/wp-json\/wp\/v2\/pages\/1893\/revisions\/10898"}],"wp:attachment":[{"href":"https:\/\/icrop.com\/de\/wp-json\/wp\/v2\/media?parent=1893"}],"curies":[{"name":"wp","href":"https:\/\/api.w.org\/{rel}","templated":true}]}}