{"id":1841,"date":"2023-04-11T13:08:25","date_gmt":"2023-04-11T11:08:25","guid":{"rendered":"https:\/\/icrop.nl\/datenschutzbestimmungen\/"},"modified":"2025-01-09T15:02:57","modified_gmt":"2025-01-09T14:02:57","slug":"datenschutzbestimmungen","status":"publish","type":"page","link":"https:\/\/icrop.com\/de\/datenschutzbestimmungen\/","title":{"rendered":"Datenschutzbestimmungen"},"content":{"rendered":"\t\t<div data-elementor-type=\"wp-page\" data-elementor-id=\"1841\" class=\"elementor elementor-1841 elementor-3\" data-elementor-post-type=\"page\">\n\t\t\t\t<div class=\"elementor-element elementor-element-1b10454 e-flex e-con-boxed e-con e-parent\" data-id=\"1b10454\" data-element_type=\"container\" data-e-type=\"container\" data-settings=\"{&quot;background_background&quot;:&quot;classic&quot;}\">\n\t\t\t\t\t<div class=\"e-con-inner\">\n\t\t\t\t\t<\/div>\n\t\t\t\t<\/div>\n\t\t<div class=\"elementor-element elementor-element-0b59c44 e-flex e-con-boxed e-con e-parent\" data-id=\"0b59c44\" data-element_type=\"container\" data-e-type=\"container\">\n\t\t\t\t\t<div class=\"e-con-inner\">\n\t\t\t\t<div class=\"elementor-element elementor-element-fcb188f elementor-widget-mobile__width-inherit elementor-widget elementor-widget-heading\" data-id=\"fcb188f\" data-element_type=\"widget\" data-e-type=\"widget\" data-widget_type=\"heading.default\">\n\t\t\t\t<div class=\"elementor-widget-container\">\n\t\t\t\t\t<h1 class=\"elementor-heading-title elementor-size-default\">Datenschutzbestimmungen<\/h1>\t\t\t\t<\/div>\n\t\t\t\t<\/div>\n\t\t\t\t\t<\/div>\n\t\t\t\t<\/div>\n\t\t<div class=\"elementor-element elementor-element-bc257b2 e-flex e-con-boxed e-con e-parent\" data-id=\"bc257b2\" data-element_type=\"container\" data-e-type=\"container\">\n\t\t\t\t\t<div class=\"e-con-inner\">\n\t\t<div class=\"elementor-element elementor-element-4aa405a e-flex e-con-boxed e-con e-child\" data-id=\"4aa405a\" data-element_type=\"container\" data-e-type=\"container\">\n\t\t\t\t\t<div class=\"e-con-inner\">\n\t\t\t\t<div class=\"elementor-element elementor-element-acbc230 elementor-widget elementor-widget-text-editor\" data-id=\"acbc230\" data-element_type=\"widget\" data-e-type=\"widget\" data-widget_type=\"text-editor.default\">\n\t\t\t\t<div class=\"elementor-widget-container\">\n\t\t\t\t\t\t\t\t\t<p><span style=\"font-size: 12pt; color: #18504c;\">AppsforAgri, mit Sitz in Hogeweg 105, 5301 LL Zaltbommel, ist verantwortlich f\u00fcr die Verarbeitung personenbezogener Daten, wie in dieser Datenschutzerkl\u00e4rung beschrieben.<\/span><\/p>\n<h4><span style=\"font-size: 12pt; color: #18504c;\">1. Kontaktangaben:<\/span><\/h4>\n<p><span style=\"font-size: 12pt; color: #18504c;\">https:\/\/www.appsforagri.com\/<\/span><br><span style=\"font-size: 12pt; color: #18504c;\">Hogeweg 105<\/span><br><span style=\"font-size: 12pt; color: #18504c;\">5301 LL Zaltbommel<\/span><br><span style=\"font-size: 12pt; color: #18504c;\">Die Niederlande<\/span><br><span style=\"font-size: 12pt; color: #18504c;\">+31 (0)85 773 14 47<\/span><\/p>\n<p><span style=\"font-size: 12pt; color: #18504c;\">Sander Marechal ist der Datenschutzbeauftragte von AppsforAgri. Er ist zu erreichen unter <span id=\"cloakfdb2fe433e9bc34701d6e94df7f0cd3d\"><br><a style=\"color: #18504c;\" href=\"mailto:security@prezent.nl\">security@prezent.nl<\/a><br><\/span>.<\/span><\/p>\n<h4><span style=\"font-size: 12pt; color: #18504c;\">2. Personenbezogene Daten, die wir verarbeiten<strong><br><\/strong><\/span><\/h4>\n<p><span style=\"font-size: 12pt; color: #18504c;\">AppsforAgri verarbeitet Ihre pers\u00f6nlichen Daten, weil Sie unsere Dienste nutzen und\/oder weil Sie sie uns selbst zur Verf\u00fcgung stellen. Nachstehend ein \u00dcberblick<br><\/span><span style=\"font-size: 12pt; color: #18504c;\">der von uns verarbeiteten personenbezogenen Daten:<\/span><br><span style=\"font-size: 12pt; color: #18504c;\">&#8211; Vorname und Nachname<\/span><br><span style=\"font-size: 12pt; color: #18504c;\">&#8211; Datum der Geburt<\/span><br><span style=\"font-size: 12pt; color: #18504c;\">&#8211; Angaben zur Adresse<\/span><br><span style=\"font-size: 12pt; color: #18504c;\">&#8211; Rufnummer<\/span><br><span style=\"font-size: 12pt; color: #18504c;\">&#8211; E-Mail Adresse<\/span><\/p>\n<h4><span style=\"font-size: 12pt; color: #18504c;\">3. Besondere und\/oder sensible personenbezogene Daten, die wir verarbeiten<\/span><\/h4>\n<p><span style=\"font-size: 12pt; color: #18504c;\">Unsere Website bzw. unser Dienst beabsichtigt nicht, Daten von Website-Besuchern zu sammeln, die unter 16 Jahre alt sind. Es sei denn, sie haben die Erlaubnis von<br><\/span><span style=\"font-size: 12pt; color: #18504c;\">Eltern oder Erziehungsberechtigte. Wir k\u00f6nnen jedoch nicht \u00fcberpr\u00fcfen, ob ein Besucher \u00fcber 16 Jahre alt ist. Wir raten Eltern daher, sich an den Online-Aktivit\u00e4ten ihrer Kinder zu beteiligen.&nbsp;<\/span><span style=\"font-size: 12pt; color: #18504c;\">Kinder, um zu vermeiden, dass Daten \u00fcber Kinder ohne elterliche Zustimmung erhoben werden. Wenn Sie davon \u00fcberzeugt sind, dass ohne diese&nbsp;<\/span><span style=\"font-size: 12pt; color: #18504c;\">Zustimmung personenbezogene Daten \u00fcber einen Minderj\u00e4hrigen erhoben haben, kontaktieren Sie uns bitte unter <span id=\"cloakfdfd8f233c1d76d2ea3fab58915bbee4\"><br><a style=\"color: #18504c;\" href=\"mailto:privacy@prezent.nl\">privacy@prezent.nl<\/a>&nbsp;<\/span>und wir werden diese Informationen entfernen.<\/span><\/p>\n<h4><span style=\"font-size: 12pt; color: #18504c;\">4. Zu welchem Zweck und auf welcher Grundlage wir personenbezogene Daten verarbeiten<\/span><\/h4>\n<p><span style=\"font-size: 12pt; color: #18504c;\">AppsforAgri verarbeitet Ihre pers\u00f6nlichen Daten f\u00fcr die folgenden Zwecke:<\/span><br><span style=\"font-size: 12pt; color: #18504c;\">&#8211; Abwicklung Ihrer Zahlung<\/span><br><span style=\"font-size: 12pt; color: #18504c;\">&#8211; Zusendung unseres Newsletters und\/oder Werbeprospekts<\/span><br><span style=\"font-size: 12pt; color: #18504c;\">&#8211; Sie anzurufen oder per E-Mail zu kontaktieren, wenn dies zur Erbringung unserer Dienstleistungen erforderlich ist<\/span><br><span style=\"font-size: 12pt; color: #18504c;\">&#8211; Information \u00fcber \u00c4nderungen an unseren Dienstleistungen und Produkten<\/span><br><span style=\"font-size: 12pt; color: #18504c;\">&#8211; Um Ihnen Waren und Dienstleistungen zu liefern<\/span><br><span style=\"font-size: 12pt; color: #18504c;\">&#8211; AppsforAgri verarbeitet auch personenbezogene Daten, wenn wir gesetzlich dazu verpflichtet sind, wie z.B. Daten, die wir f\u00fcr unsere Steuererkl\u00e4rung ben\u00f6tigen.<\/span><\/p>\n<h4><span style=\"font-size: 12pt; color: #18504c;\">5. Automatisierte Entscheidungsfindung<\/span><\/h4>\n<p><span style=\"font-size: 12pt; color: #18504c;\">AppsforAgri trifft keine Entscheidungen \u00fcber Angelegenheiten, die den Einzelnen (erheblich) beeintr\u00e4chtigen k\u00f6nnten, auf der Grundlage einer automatisierten Verarbeitung. Diese sind&nbsp;<\/span><span style=\"font-size: 12pt; color: #18504c;\">Entscheidungen, die von Computerprogrammen oder -systemen getroffen werden, ohne dass ein Mensch (z.B. ein Mitarbeiter von AppsforAgri) dazwischen sitzt.<\/span><\/p>\n<h4><span style=\"font-size: 12pt; color: #18504c;\">6. Wie lange wir personenbezogene Daten aufbewahren<\/span><\/h4>\n<p><span style=\"font-size: 12pt; color: #18504c;\">AppsforAgri wird Ihre pers\u00f6nlichen Daten nicht l\u00e4nger aufbewahren, als es unbedingt notwendig ist, um die Zwecke zu erf\u00fcllen, f\u00fcr die Ihre Daten gesammelt wurden. Wir wenden die&nbsp;<\/span><span style=\"font-size: 12pt; color: #18504c;\">folgende Aufbewahrungsfristen f\u00fcr die folgenden (Kategorien) personenbezogener Daten: (Kategorie) personenbezogene Daten &gt; Aufbewahrungsfrist bis zu 7 Jahren (steuerliche Aufbewahrungspflicht).<\/span><\/p>\n<h4><span style=\"font-size: 12pt; color: #18504c;\">7. Weitergabe personenbezogener Daten an Dritte<\/span><\/h4>\n<p><span style=\"font-size: 12pt; color: #18504c;\">AppsforAgri verkauft Ihre Daten nicht an Dritte und stellt sie nur dann zur Verf\u00fcgung, wenn dies f\u00fcr die Ausf\u00fchrung unserer Vereinbarung mit Ihnen notwendig ist oder um<\/span><br><span style=\"font-size: 12pt; color: #18504c;\">zu einer rechtlichen Verpflichtung. Mit Unternehmen, die Ihre Daten in unserem Auftrag verarbeiten, schlie\u00dfen wir eine Vereinbarung \u00fcber die Verarbeitung Ihrer Daten ab, um sicherzustellen, dass dieselben&nbsp;<\/span><span style=\"font-size: 12pt; color: #18504c;\">die Sicherheit und Vertraulichkeit Ihrer Daten. AppsforAgri bleibt f\u00fcr diese Verarbeitungen verantwortlich.<\/span><\/p>\n<h4><span style=\"font-size: 12pt; color: #18504c;\">8. Cookies oder \u00e4hnliche Techniken, die wir verwenden<\/span><\/h4>\n<p><span style=\"font-size: 12pt; color: #18504c;\">AppsforAgri verwendet nur technische und funktionelle Cookies. Und analytische Cookies, die nicht in Ihre Privatsph\u00e4re eindringen. Ein Cookie ist eine kleine Textdatei&nbsp;<\/span><span style=\"font-size: 12pt; color: #18504c;\">die auf Ihrem Computer, Tablet oder Smartphone gespeichert werden, wenn Sie diese Website zum ersten Mal besuchen. Die von uns verwendeten Cookies sind notwendig f\u00fcr die technische d<\/span><span style=\"font-size: 12pt; color: #18504c;\">en Betrieb der Website und Ihre Benutzerfreundlichkeit. Sie sorgen daf\u00fcr, dass die Website ordnungsgem\u00e4\u00df funktioniert und merken sich zum Beispiel Ihre Pr\u00e4ferenzen. Wir k\u00f6nnen auch&nbsp;<\/span><span style=\"font-size: 12pt; color: #18504c;\">Dadurch wird unsere Website optimiert. Sie k\u00f6nnen die Verwendung von Cookies ablehnen, indem Sie Ihren Internet-Browser so einstellen, dass keine Cookies mehr gespeichert werden. Dar\u00fcber hinaus k\u00f6nnen Sie&nbsp;<\/span><span style=\"font-size: 12pt; color: #18504c;\">Sie l\u00f6schen auch alle zuvor \u00fcber Ihre Browsereinstellungen gespeicherten Informationen.<\/span><\/p>\n<h4><span style=\"font-size: 12pt; color: #18504c;\">9. Daten ansehen, \u00e4ndern oder l\u00f6schen<\/span><\/h4>\n<p><span style=\"font-size: 12pt; color: #18504c;\">Sie haben das Recht auf Zugang, Berichtigung oder L\u00f6schung Ihrer personenbezogenen Daten. Dar\u00fcber hinaus haben Sie das Recht, Ihre etwaige Zustimmung zu folgenden Daten zu widerrufen&nbsp;<\/span><span style=\"font-size: 12pt; color: #18504c;\">die Verarbeitung Ihrer pers\u00f6nlichen Daten durch AppsforAgri zu widerrufen oder zu beanstanden und Sie haben das Recht&nbsp;<\/span><span style=\"font-size: 12pt; color: #18504c;\">Daten\u00fcbertragbarkeit. Das bedeutet, dass Sie uns auffordern k\u00f6nnen, Ihnen die personenbezogenen Daten, die wir \u00fcber Sie in einer Computerdatei gespeichert haben, zuzusenden&nbsp;<\/span><span style=\"color: rgb(24, 80, 76); font-size: 12pt; text-align: var(--text-align);\">oder jede andere von Ihnen genannte Organisation. Sie k\u00f6nnen Zugang zu Ihren personenbezogenen Daten, deren Berichtigung, L\u00f6schung oder \u00dcbermittlung verlangen oder&nbsp;<\/span><span style=\"color: rgb(24, 80, 76); font-size: 12pt; text-align: var(--text-align);\">Wenn Sie Ihre Zustimmung zur\u00fcckziehen oder der Verarbeitung Ihrer personenbezogenen Daten widersprechen m\u00f6chten, richten Sie Ihren Antrag an <\/span><span id=\"cloak1caaa9fe0321be57b557a624eb6fef00\" style=\"color: rgb(24, 80, 76); font-size: 12pt; text-align: var(--text-align);\"><\/span><a href=\"mailto:privacy@prezent.nl\" style=\"font-size: 12pt; text-align: var(--text-align); background-color: rgb(255, 255, 255); color: rgb(24, 80, 76);\">privacy@prezent.nl.<\/a><span style=\"color: rgb(24, 80, 76); font-size: 12pt; text-align: var(--text-align);\"> Um sicherzustellen, dass es&nbsp;<\/span><span style=\"color: rgb(24, 80, 76); font-size: 12pt; text-align: var(--text-align);\">Wenn Sie einen Antrag auf Einsichtnahme gestellt haben, bitten wir Sie, dem Antrag eine Kopie Ihres Identit\u00e4tsnachweises beizuf\u00fcgen. In dieser Kopie machen Sie Ihr Passfoto, MRZ (Maschine&nbsp;<\/span><span style=\"color: rgb(24, 80, 76); font-size: 12pt; text-align: var(--text-align);\">lesbare Zone, der Zahlenstreifen am unteren Rand des Passes), Passnummer und B\u00fcrgerservicenummer (BSN) schwarz. Dies dient dem Schutz Ihrer Privatsph\u00e4re. Wir&nbsp;<\/span><span style=\"color: rgb(24, 80, 76); font-size: 12pt; text-align: var(--text-align);\">Ihre Anfrage so schnell wie m\u00f6glich, jedoch innerhalb von vier Wochen, zu beantworten. AppsforAgri m\u00f6chte Sie auch dar\u00fcber informieren, dass Sie die M\u00f6glichkeit haben, eine Beschwerde bei der Europ\u00e4ischen Kommission einzureichen.&nbsp;<\/span><span style=\"color: rgb(24, 80, 76); font-size: 12pt; text-align: var(--text-align);\">nationale Regulierungsbeh\u00f6rde, die Beh\u00f6rde f\u00fcr personenbezogene Daten. Sie k\u00f6nnen dies \u00fcber den folgenden Link tun: <\/span><a href=\"https:\/\/autoriteitpersoonsgegevens.nl\/nl\/contact-met-de-autoriteit-\" style=\"font-size: 12pt; text-align: var(--text-align); background-color: rgb(255, 255, 255); color: rgb(24, 80, 76);\">https:\/\/autoriteitpersoonsgegevens.nl\/nl\/contact-met-de-autoriteit-persoonsgegevens\/tip-ons<\/a><\/p>\n<h4><span style=\"font-size: 12pt; color: #18504c;\">10. Wie wir personenbezogene Daten sch\u00fctzen<\/span><\/h4>\n<p><span style=\"font-size: 12pt; color: #18504c;\">AppsforAgri nimmt den Schutz Ihrer Daten ernst und ergreift geeignete Ma\u00dfnahmen, um Missbrauch, Verlust, unbefugten Zugriff, unerw\u00fcnschte&nbsp;<\/span><span style=\"font-size: 12pt; color: #18504c;\">Gegenseitige Offenlegung und unbefugte \u00c4nderung. Wenn Sie den Eindruck haben, dass Ihre Daten nicht ordnungsgem\u00e4\u00df gesichert sind oder es Anzeichen f\u00fcr einen Missbrauch gibt, nehmen Sie bitte&nbsp;<\/span><span style=\"font-size: 12pt; color: #18504c;\">wenden Sie sich an unser Kundendienstteam oder an&nbsp;<span id=\"cloakaa1b8752b7e533bfd13b874f75f1c3cb\"><a style=\"color: #18504c;\" href=\"mailto:privacy@prezent.nl\">privacy@prezent.nl<\/a><br><\/span><\/span><\/p>\t\t\t\t\t\t\t\t<\/div>\n\t\t\t\t<\/div>\n\t\t\t\t\t<\/div>\n\t\t\t\t<\/div>\n\t\t\t\t\t<\/div>\n\t\t\t\t<\/div>\n\t\t<div class=\"elementor-element elementor-element-44f1fff e-flex e-con-boxed e-con e-parent\" data-id=\"44f1fff\" data-element_type=\"container\" data-e-type=\"container\">\n\t\t\t\t\t<div class=\"e-con-inner\">\n\t\t\t\t<div class=\"elementor-element elementor-element-bffab16 elementor-widget elementor-widget-spacer\" data-id=\"bffab16\" data-element_type=\"widget\" data-e-type=\"widget\" data-widget_type=\"spacer.default\">\n\t\t\t\t<div class=\"elementor-widget-container\">\n\t\t\t\t\t\t\t<div class=\"elementor-spacer\">\n\t\t\t<div class=\"elementor-spacer-inner\"><\/div>\n\t\t<\/div>\n\t\t\t\t\t\t<\/div>\n\t\t\t\t<\/div>\n\t\t\t\t\t<\/div>\n\t\t\t\t<\/div>\n\t\t\t\t<\/div>\n\t\t","protected":false},"excerpt":{"rendered":"<p>Datenschutzbestimmungen AppsforAgri, mit Sitz in Hogeweg 105, 5301 LL Zaltbommel, ist verantwortlich f\u00fcr die Verarbeitung personenbezogener Daten, wie in dieser Datenschutzerkl\u00e4rung beschrieben. 1. Kontaktangaben: https:\/\/www.appsforagri.com\/Hogeweg 1055301 LL ZaltbommelDie Niederlande+31 (0)85 773 14 47 Sander Marechal ist der Datenschutzbeauftragte von AppsforAgri. Er ist zu erreichen unter security@prezent.nl. 2. Personenbezogene Daten, die wir verarbeiten AppsforAgri verarbeitet Ihre [&hellip;]<\/p>\n","protected":false},"author":1,"featured_media":0,"parent":0,"menu_order":0,"comment_status":"closed","ping_status":"open","template":"","meta":{"_acf_changed":false,"_eb_attr":"","footnotes":""},"class_list":["post-1841","page","type-page","status-publish","hentry"],"acf":[],"yoast_head":"<!-- This site is optimized with the Yoast SEO plugin v27.4 - https:\/\/yoast.com\/product\/yoast-seo-wordpress\/ -->\n<title>Datenschutzbestimmungen - iCrop.com<\/title>\n<meta name=\"robots\" content=\"noindex, nofollow\" \/>\n<meta property=\"og:locale\" content=\"de_DE\" \/>\n<meta property=\"og:type\" content=\"article\" \/>\n<meta property=\"og:title\" content=\"Datenschutzbestimmungen - iCrop.com\" \/>\n<meta property=\"og:description\" content=\"Datenschutzbestimmungen AppsforAgri, mit Sitz in Hogeweg 105, 5301 LL Zaltbommel, ist verantwortlich f\u00fcr die Verarbeitung personenbezogener Daten, wie in dieser Datenschutzerkl\u00e4rung beschrieben. 1. Kontaktangaben: https:\/\/www.appsforagri.com\/Hogeweg 1055301 LL ZaltbommelDie Niederlande+31 (0)85 773 14 47 Sander Marechal ist der Datenschutzbeauftragte von AppsforAgri. Er ist zu erreichen unter security@prezent.nl. 2. Personenbezogene Daten, die wir verarbeiten AppsforAgri verarbeitet Ihre [&hellip;]\" \/>\n<meta property=\"og:url\" content=\"https:\/\/icrop.com\/de\/datenschutzbestimmungen\/\" \/>\n<meta property=\"og:site_name\" content=\"iCrop.com\" \/>\n<meta property=\"article:modified_time\" content=\"2025-01-09T14:02:57+00:00\" \/>\n<meta name=\"twitter:card\" content=\"summary_large_image\" \/>\n<meta name=\"twitter:label1\" content=\"Gesch\u00e4tzte Lesezeit\" \/>\n\t<meta name=\"twitter:data1\" content=\"5\u00a0Minuten\" \/>\n<script type=\"application\/ld+json\" class=\"yoast-schema-graph\">{\"@context\":\"https:\\\/\\\/schema.org\",\"@graph\":[{\"@type\":\"WebPage\",\"@id\":\"https:\\\/\\\/icrop.com\\\/de\\\/datenschutzbestimmungen\\\/\",\"url\":\"https:\\\/\\\/icrop.com\\\/de\\\/datenschutzbestimmungen\\\/\",\"name\":\"Datenschutzbestimmungen - iCrop.com\",\"isPartOf\":{\"@id\":\"https:\\\/\\\/icrop.com\\\/#website\"},\"datePublished\":\"2023-04-11T11:08:25+00:00\",\"dateModified\":\"2025-01-09T14:02:57+00:00\",\"breadcrumb\":{\"@id\":\"https:\\\/\\\/icrop.com\\\/de\\\/datenschutzbestimmungen\\\/#breadcrumb\"},\"inLanguage\":\"de\",\"potentialAction\":[{\"@type\":\"ReadAction\",\"target\":[\"https:\\\/\\\/icrop.com\\\/de\\\/datenschutzbestimmungen\\\/\"]}]},{\"@type\":\"BreadcrumbList\",\"@id\":\"https:\\\/\\\/icrop.com\\\/de\\\/datenschutzbestimmungen\\\/#breadcrumb\",\"itemListElement\":[{\"@type\":\"ListItem\",\"position\":1,\"name\":\"Home\",\"item\":\"https:\\\/\\\/icrop.com\\\/de\\\/\"},{\"@type\":\"ListItem\",\"position\":2,\"name\":\"Datenschutzbestimmungen\"}]},{\"@type\":\"WebSite\",\"@id\":\"https:\\\/\\\/icrop.com\\\/#website\",\"url\":\"https:\\\/\\\/icrop.com\\\/\",\"name\":\"iCrop.nl\",\"description\":\"Connect data, streamline your proces.\",\"publisher\":{\"@id\":\"https:\\\/\\\/icrop.com\\\/#organization\"},\"potentialAction\":[{\"@type\":\"SearchAction\",\"target\":{\"@type\":\"EntryPoint\",\"urlTemplate\":\"https:\\\/\\\/icrop.com\\\/?s={search_term_string}\"},\"query-input\":{\"@type\":\"PropertyValueSpecification\",\"valueRequired\":true,\"valueName\":\"search_term_string\"}}],\"inLanguage\":\"de\"},{\"@type\":\"Organization\",\"@id\":\"https:\\\/\\\/icrop.com\\\/#organization\",\"name\":\"iCrop.nl\",\"url\":\"https:\\\/\\\/icrop.com\\\/\",\"logo\":{\"@type\":\"ImageObject\",\"inLanguage\":\"de\",\"@id\":\"https:\\\/\\\/icrop.com\\\/#\\\/schema\\\/logo\\\/image\\\/\",\"url\":\"https:\\\/\\\/icrop.com\\\/wp-content\\\/uploads\\\/2024\\\/11\\\/Logo-website.png\",\"contentUrl\":\"https:\\\/\\\/icrop.com\\\/wp-content\\\/uploads\\\/2024\\\/11\\\/Logo-website.png\",\"width\":313,\"height\":93,\"caption\":\"iCrop.nl\"},\"image\":{\"@id\":\"https:\\\/\\\/icrop.com\\\/#\\\/schema\\\/logo\\\/image\\\/\"},\"sameAs\":[\"https:\\\/\\\/www.linkedin.com\\\/company\\\/icrop-nl\\\/\"]}]}<\/script>\n<!-- \/ Yoast SEO plugin. -->","yoast_head_json":{"title":"Datenschutzbestimmungen - iCrop.com","robots":{"index":"noindex","follow":"nofollow"},"og_locale":"de_DE","og_type":"article","og_title":"Datenschutzbestimmungen - iCrop.com","og_description":"Datenschutzbestimmungen AppsforAgri, mit Sitz in Hogeweg 105, 5301 LL Zaltbommel, ist verantwortlich f\u00fcr die Verarbeitung personenbezogener Daten, wie in dieser Datenschutzerkl\u00e4rung beschrieben. 1. Kontaktangaben: https:\/\/www.appsforagri.com\/Hogeweg 1055301 LL ZaltbommelDie Niederlande+31 (0)85 773 14 47 Sander Marechal ist der Datenschutzbeauftragte von AppsforAgri. Er ist zu erreichen unter security@prezent.nl. 2. Personenbezogene Daten, die wir verarbeiten AppsforAgri verarbeitet Ihre [&hellip;]","og_url":"https:\/\/icrop.com\/de\/datenschutzbestimmungen\/","og_site_name":"iCrop.com","article_modified_time":"2025-01-09T14:02:57+00:00","twitter_card":"summary_large_image","twitter_misc":{"Gesch\u00e4tzte Lesezeit":"5\u00a0Minuten"},"schema":{"@context":"https:\/\/schema.org","@graph":[{"@type":"WebPage","@id":"https:\/\/icrop.com\/de\/datenschutzbestimmungen\/","url":"https:\/\/icrop.com\/de\/datenschutzbestimmungen\/","name":"Datenschutzbestimmungen - iCrop.com","isPartOf":{"@id":"https:\/\/icrop.com\/#website"},"datePublished":"2023-04-11T11:08:25+00:00","dateModified":"2025-01-09T14:02:57+00:00","breadcrumb":{"@id":"https:\/\/icrop.com\/de\/datenschutzbestimmungen\/#breadcrumb"},"inLanguage":"de","potentialAction":[{"@type":"ReadAction","target":["https:\/\/icrop.com\/de\/datenschutzbestimmungen\/"]}]},{"@type":"BreadcrumbList","@id":"https:\/\/icrop.com\/de\/datenschutzbestimmungen\/#breadcrumb","itemListElement":[{"@type":"ListItem","position":1,"name":"Home","item":"https:\/\/icrop.com\/de\/"},{"@type":"ListItem","position":2,"name":"Datenschutzbestimmungen"}]},{"@type":"WebSite","@id":"https:\/\/icrop.com\/#website","url":"https:\/\/icrop.com\/","name":"iCrop.nl","description":"Connect data, streamline your proces.","publisher":{"@id":"https:\/\/icrop.com\/#organization"},"potentialAction":[{"@type":"SearchAction","target":{"@type":"EntryPoint","urlTemplate":"https:\/\/icrop.com\/?s={search_term_string}"},"query-input":{"@type":"PropertyValueSpecification","valueRequired":true,"valueName":"search_term_string"}}],"inLanguage":"de"},{"@type":"Organization","@id":"https:\/\/icrop.com\/#organization","name":"iCrop.nl","url":"https:\/\/icrop.com\/","logo":{"@type":"ImageObject","inLanguage":"de","@id":"https:\/\/icrop.com\/#\/schema\/logo\/image\/","url":"https:\/\/icrop.com\/wp-content\/uploads\/2024\/11\/Logo-website.png","contentUrl":"https:\/\/icrop.com\/wp-content\/uploads\/2024\/11\/Logo-website.png","width":313,"height":93,"caption":"iCrop.nl"},"image":{"@id":"https:\/\/icrop.com\/#\/schema\/logo\/image\/"},"sameAs":["https:\/\/www.linkedin.com\/company\/icrop-nl\/"]}]}},"_links":{"self":[{"href":"https:\/\/icrop.com\/de\/wp-json\/wp\/v2\/pages\/1841","targetHints":{"allow":["GET"]}}],"collection":[{"href":"https:\/\/icrop.com\/de\/wp-json\/wp\/v2\/pages"}],"about":[{"href":"https:\/\/icrop.com\/de\/wp-json\/wp\/v2\/types\/page"}],"author":[{"embeddable":true,"href":"https:\/\/icrop.com\/de\/wp-json\/wp\/v2\/users\/1"}],"replies":[{"embeddable":true,"href":"https:\/\/icrop.com\/de\/wp-json\/wp\/v2\/comments?post=1841"}],"version-history":[{"count":5,"href":"https:\/\/icrop.com\/de\/wp-json\/wp\/v2\/pages\/1841\/revisions"}],"predecessor-version":[{"id":10920,"href":"https:\/\/icrop.com\/de\/wp-json\/wp\/v2\/pages\/1841\/revisions\/10920"}],"wp:attachment":[{"href":"https:\/\/icrop.com\/de\/wp-json\/wp\/v2\/media?parent=1841"}],"curies":[{"name":"wp","href":"https:\/\/api.w.org\/{rel}","templated":true}]}}