{"id":11081,"date":"2025-01-29T11:04:31","date_gmt":"2025-01-29T10:04:31","guid":{"rendered":"https:\/\/icrop.com\/referenzen\/"},"modified":"2025-04-14T11:16:21","modified_gmt":"2025-04-14T09:16:21","slug":"referenzen","status":"publish","type":"page","link":"https:\/\/icrop.com\/de\/referenzen\/","title":{"rendered":"Referenzen"},"content":{"rendered":"\t\t<div data-elementor-type=\"wp-page\" data-elementor-id=\"11081\" class=\"elementor elementor-11081 elementor-5494\" data-elementor-post-type=\"page\">\n\t\t\t\t<div class=\"elementor-element elementor-element-4572952 e-flex e-con-boxed e-con e-parent\" data-id=\"4572952\" data-element_type=\"container\" data-e-type=\"container\" data-settings=\"{&quot;background_background&quot;:&quot;classic&quot;}\">\n\t\t\t\t\t<div class=\"e-con-inner\">\n\t\t\t\t<div class=\"elementor-element elementor-element-7e62f53 elementor-widget elementor-widget-spacer\" data-id=\"7e62f53\" data-element_type=\"widget\" data-e-type=\"widget\" data-widget_type=\"spacer.default\">\n\t\t\t\t<div class=\"elementor-widget-container\">\n\t\t\t\t\t\t\t<div class=\"elementor-spacer\">\n\t\t\t<div class=\"elementor-spacer-inner\"><\/div>\n\t\t<\/div>\n\t\t\t\t\t\t<\/div>\n\t\t\t\t<\/div>\n\t\t\t\t<div class=\"elementor-element elementor-element-05ddc67 elementor-widget__width-initial elementor-widget elementor-widget-heading\" data-id=\"05ddc67\" data-element_type=\"widget\" data-e-type=\"widget\" data-widget_type=\"heading.default\">\n\t\t\t\t<div class=\"elementor-widget-container\">\n\t\t\t\t\t<h2 class=\"elementor-heading-title elementor-size-default\">Erleben Sie die Leistung von iCrop<\/h2>\t\t\t\t<\/div>\n\t\t\t\t<\/div>\n\t\t\t\t<div class=\"elementor-element elementor-element-266c96b elementor-widget-tablet__width-initial elementor-widget__width-initial elementor-widget elementor-widget-heading\" data-id=\"266c96b\" data-element_type=\"widget\" data-e-type=\"widget\" data-widget_type=\"heading.default\">\n\t\t\t\t<div class=\"elementor-widget-container\">\n\t\t\t\t\t<h6 class=\"elementor-heading-title elementor-size-default\">Praktische Erfolgsgeschichten<\/h6>\t\t\t\t<\/div>\n\t\t\t\t<\/div>\n\t\t\t\t\t<\/div>\n\t\t\t\t<\/div>\n\t\t<div class=\"elementor-element elementor-element-121d7c3 e-flex e-con-boxed e-con e-parent\" data-id=\"121d7c3\" data-element_type=\"container\" data-e-type=\"container\" data-settings=\"{&quot;background_background&quot;:&quot;classic&quot;}\">\n\t\t\t\t\t<div class=\"e-con-inner\">\n\t\t<div class=\"elementor-element elementor-element-fa1ce86 e-flex e-con-boxed e-con e-child\" data-id=\"fa1ce86\" data-element_type=\"container\" data-e-type=\"container\">\n\t\t\t\t\t<div class=\"e-con-inner\">\n\t\t\t\t\t<\/div>\n\t\t\t\t<\/div>\n\t\t\t\t\t<\/div>\n\t\t\t\t<\/div>\n\t\t<div class=\"elementor-element elementor-element-3c3b5f3b e-con-full e-flex e-con e-parent\" data-id=\"3c3b5f3b\" data-element_type=\"container\" data-e-type=\"container\" data-settings=\"{&quot;background_background&quot;:&quot;gradient&quot;}\">\n\t\t<div class=\"elementor-element elementor-element-6531664d e-flex e-con-boxed e-con e-child\" data-id=\"6531664d\" data-element_type=\"container\" data-e-type=\"container\">\n\t\t\t\t\t<div class=\"e-con-inner\">\n\t\t\t\t<div class=\"elementor-element elementor-element-32a0fb84 elementor-widget__width-inherit elementor-widget elementor-widget-heading\" data-id=\"32a0fb84\" data-element_type=\"widget\" data-e-type=\"widget\" data-widget_type=\"heading.default\">\n\t\t\t\t<div class=\"elementor-widget-container\">\n\t\t\t\t\t<h2 class=\"elementor-heading-title elementor-size-default\">Die Stimme unserer Kunden: Erfahrungen, die f\u00fcr sich selbst sprechen\n<\/h2>\t\t\t\t<\/div>\n\t\t\t\t<\/div>\n\t\t\t\t<div class=\"elementor-element elementor-element-22565fed elementor-widget__width-initial elementor-widget-tablet__width-inherit elementor-testimonial--skin-default elementor-testimonial--layout-image_inline elementor-testimonial--align-center elementor-arrows-yes elementor-pagination-type-bullets elementor-invisible elementor-widget elementor-widget-testimonial-carousel\" data-id=\"22565fed\" data-element_type=\"widget\" data-e-type=\"widget\" data-settings=\"{&quot;_animation&quot;:&quot;fadeInUp&quot;,&quot;show_arrows&quot;:&quot;yes&quot;,&quot;pagination&quot;:&quot;bullets&quot;,&quot;speed&quot;:500,&quot;autoplay&quot;:&quot;yes&quot;,&quot;autoplay_speed&quot;:5000,&quot;loop&quot;:&quot;yes&quot;,&quot;pause_on_hover&quot;:&quot;yes&quot;,&quot;pause_on_interaction&quot;:&quot;yes&quot;,&quot;space_between&quot;:{&quot;unit&quot;:&quot;px&quot;,&quot;size&quot;:10,&quot;sizes&quot;:[]},&quot;space_between_tablet&quot;:{&quot;unit&quot;:&quot;px&quot;,&quot;size&quot;:10,&quot;sizes&quot;:[]},&quot;space_between_mobile&quot;:{&quot;unit&quot;:&quot;px&quot;,&quot;size&quot;:10,&quot;sizes&quot;:[]}}\" data-widget_type=\"testimonial-carousel.default\">\n\t\t\t\t<div class=\"elementor-widget-container\">\n\t\t\t\t\t\t\t\t\t<div class=\"elementor-swiper\">\n\t\t\t\t\t<div class=\"elementor-main-swiper swiper\" role=\"region\" aria-roledescription=\"carousel\" aria-label=\"Slides\">\n\t\t\t\t<div class=\"swiper-wrapper\">\n\t\t\t\t\t\t\t\t\t\t\t<div class=\"swiper-slide\" role=\"group\" aria-roledescription=\"slide\">\n\t\t\t\t\t\t\t\t\t<div class=\"elementor-testimonial\">\n\t\t\t\t\t\t\t<div class=\"elementor-testimonial__content\">\n\t\t\t\t\t<div class=\"elementor-testimonial__text\">\n\t\t\t\t\t\t<p>\"iCrop kombiniert Flexibilit\u00e4t und Benutzerfreundlichkeit mit leistungsstarken Funktionen, die speziell f\u00fcr den Agrarsektor entwickelt wurden. Die Plattform hilft uns nicht nur, effizienter zu arbeiten, sondern bietet auch eine zuverl\u00e4ssige Grundlage, um unsere Kunden besser zu beraten und unsere Gesch\u00e4ftsziele zu erreichen. Dank der Partnerschaft mit AppsforAgri haben wir eine L\u00f6sung, die uns auf die Herausforderungen der Zukunft vorbereitet.\"<\/p>\n\t\t\t\t\t<\/div>\n\t\t\t\t\t\t\t\t\t<\/div>\n\t\t\t\t\t\t<div class=\"elementor-testimonial__footer\">\n\t\t\t\t\t\t\t\t<cite class=\"elementor-testimonial__cite\"><span class=\"elementor-testimonial__name\">Lex Broersen<\/span><span class=\"elementor-testimonial__title\">Datenanalyst bei Agrifirm-GMN<\/span><\/cite>\t\t\t<\/div>\n\t\t<\/div>\n\t\t\t\t\t\t\t\t<\/div>\n\t\t\t\t\t\t\t\t\t\t\t<div class=\"swiper-slide\" role=\"group\" aria-roledescription=\"slide\">\n\t\t\t\t\t\t\t\t\t<div class=\"elementor-testimonial\">\n\t\t\t\t\t\t\t<div class=\"elementor-testimonial__content\">\n\t\t\t\t\t<div class=\"elementor-testimonial__text\">\n\t\t\t\t\t\t<p>\"Die Daten erm\u00f6glichen es, den richtigen Spritzzeitpunkt zu bestimmen und gezielter zu arbeiten. Dadurch k\u00f6nnen wir nicht nur bei den Pflanzenschutzmitteln sparen, sondern auch zu einer nachhaltigeren Ernte beitragen.\"<\/p>\n\t\t\t\t\t<\/div>\n\t\t\t\t\t\t\t\t\t<\/div>\n\t\t\t\t\t\t<div class=\"elementor-testimonial__footer\">\n\t\t\t\t\t\t\t\t<cite class=\"elementor-testimonial__cite\"><span class=\"elementor-testimonial__name\">Geert-Jan Jonkman<\/span><span class=\"elementor-testimonial__title\">Eigent\u00fcmer bei Jonkman Horticulture<\/span><\/cite>\t\t\t<\/div>\n\t\t<\/div>\n\t\t\t\t\t\t\t\t<\/div>\n\t\t\t\t\t\t\t\t\t\t\t<div class=\"swiper-slide\" role=\"group\" aria-roledescription=\"slide\">\n\t\t\t\t\t\t\t\t\t<div class=\"elementor-testimonial\">\n\t\t\t\t\t\t\t<div class=\"elementor-testimonial__content\">\n\t\t\t\t\t<div class=\"elementor-testimonial__text\">\n\t\t\t\t\t\t<p>\"Dank iCrop haben wir ein zuverl\u00e4ssiges System f\u00fcr die Datenerfassung und die Einhaltung von Vorschriften. Dadurch k\u00f6nnen wir Risiken besser verwalten und effizienter arbeiten. Au\u00dferdem ist das System benutzerfreundlich und zuverl\u00e4ssig, was in diesem Sektor unerl\u00e4sslich ist.\"<\/p>\n\t\t\t\t\t<\/div>\n\t\t\t\t\t\t\t\t\t<\/div>\n\t\t\t\t\t\t<div class=\"elementor-testimonial__footer\">\n\t\t\t\t\t\t\t\t<cite class=\"elementor-testimonial__cite\"><span class=\"elementor-testimonial__name\">Evert Bakker<\/span><span class=\"elementor-testimonial__title\">Anbaubetreuer bei Gourmet<\/span><\/cite>\t\t\t<\/div>\n\t\t<\/div>\n\t\t\t\t\t\t\t\t<\/div>\n\t\t\t\t\t\t\t\t\t\t\t<div class=\"swiper-slide\" role=\"group\" aria-roledescription=\"slide\">\n\t\t\t\t\t\t\t\t\t<div class=\"elementor-testimonial\">\n\t\t\t\t\t\t\t<div class=\"elementor-testimonial__content\">\n\t\t\t\t\t<div class=\"elementor-testimonial__text\">\n\t\t\t\t\t\t<p>Die Zukunft liegt in Verkn\u00fcpfungen und intelligenten Analysen - darauf setzen wir jetzt voll und ganz. Mit Appsforagri bauen wir eine Plattform auf, die in ein paar Jahren f\u00fcr jeden Z\u00fcchter und Berater unverzichtbar sein wird. <\/p>\n\t\t\t\t\t<\/div>\n\t\t\t\t\t\t\t\t\t<\/div>\n\t\t\t\t\t\t<div class=\"elementor-testimonial__footer\">\n\t\t\t\t\t\t\t\t<cite class=\"elementor-testimonial__cite\"><span class=\"elementor-testimonial__name\">Wydo van de Lee<\/span><span class=\"elementor-testimonial__title\">ICT- und Lieferkettenmanager bei FarmPlus<\/span><\/cite>\t\t\t<\/div>\n\t\t<\/div>\n\t\t\t\t\t\t\t\t<\/div>\n\t\t\t\t\t\t\t\t\t<\/div>\n\t\t\t\t\t\t\t\t\t\t\t\t\t\t\t<div class=\"elementor-swiper-button elementor-swiper-button-prev\" role=\"button\" tabindex=\"0\" aria-label=\"Voriger\">\n\t\t\t\t\t\t\t<i aria-hidden=\"true\" class=\"eicon-chevron-left\"><\/i>\t\t\t\t\t\t<\/div>\n\t\t\t\t\t\t<div class=\"elementor-swiper-button elementor-swiper-button-next\" role=\"button\" tabindex=\"0\" aria-label=\"N\u00e4chster\">\n\t\t\t\t\t\t\t<i aria-hidden=\"true\" class=\"eicon-chevron-right\"><\/i>\t\t\t\t\t\t<\/div>\n\t\t\t\t\t\t\t\t\t\t\t\t\t\t\t\t<div class=\"swiper-pagination\"><\/div>\n\t\t\t\t\t\t\t\t\t\t\t\t<\/div>\n\t\t\t\t<\/div>\n\t\t\t\t\t\t\t\t<\/div>\n\t\t\t\t<\/div>\n\t\t\t\t\t<\/div>\n\t\t\t\t<\/div>\n\t\t\t\t<\/div>\n\t\t<div class=\"elementor-element elementor-element-efc33be e-flex e-con-boxed e-con e-parent\" data-id=\"efc33be\" data-element_type=\"container\" data-e-type=\"container\">\n\t\t\t\t\t<div class=\"e-con-inner\">\n\t\t<div class=\"elementor-element elementor-element-3bf873e e-con-full e-flex e-con e-child\" data-id=\"3bf873e\" data-element_type=\"container\" data-e-type=\"container\" data-settings=\"{&quot;background_background&quot;:&quot;classic&quot;}\">\n\t\t<div class=\"elementor-element elementor-element-ba902ed e-grid e-con-full e-con e-child\" data-id=\"ba902ed\" data-element_type=\"container\" data-e-type=\"container\">\n\t\t\t\t<div class=\"elementor-element elementor-element-186b1b3 elementor-widget__width-initial elementor-widget elementor-widget-heading\" data-id=\"186b1b3\" data-element_type=\"widget\" data-e-type=\"widget\" data-widget_type=\"heading.default\">\n\t\t\t\t<div class=\"elementor-widget-container\">\n\t\t\t\t\t<h2 class=\"elementor-heading-title elementor-size-default\">Neugierig auf iCrop?  <br>Fordern Sie eine Live-Demo an!<\/h2>\t\t\t\t<\/div>\n\t\t\t\t<\/div>\n\t\t\t\t<div class=\"elementor-element elementor-element-e877a89 elementor-widget__width-initial elementor-widget-tablet__width-initial elementor-widget elementor-widget-image\" data-id=\"e877a89\" data-element_type=\"widget\" data-e-type=\"widget\" data-widget_type=\"image.default\">\n\t\t\t\t<div class=\"elementor-widget-container\">\n\t\t\t\t\t\t\t\t\t\t\t\t\t\t\t<img fetchpriority=\"high\" decoding=\"async\" width=\"800\" height=\"691\" src=\"https:\/\/icrop.com\/wp-content\/uploads\/2024\/11\/DE_iCrop-app_met-notificatie-e1733323999821-1024x884.png\" class=\"attachment-large size-large wp-image-6944\" alt=\"\" srcset=\"https:\/\/icrop.com\/wp-content\/uploads\/2024\/11\/DE_iCrop-app_met-notificatie-e1733323999821-1024x884.png 1024w, https:\/\/icrop.com\/wp-content\/uploads\/2024\/11\/DE_iCrop-app_met-notificatie-e1733323999821-300x259.png 300w, https:\/\/icrop.com\/wp-content\/uploads\/2024\/11\/DE_iCrop-app_met-notificatie-e1733323999821-768x663.png 768w, https:\/\/icrop.com\/wp-content\/uploads\/2024\/11\/DE_iCrop-app_met-notificatie-e1733323999821.png 1413w\" sizes=\"(max-width: 800px) 100vw, 800px\" \/>\t\t\t\t\t\t\t\t\t\t\t\t\t\t\t<\/div>\n\t\t\t\t<\/div>\n\t\t\t\t<\/div>\n\t\t\t\t<div class=\"elementor-element elementor-element-928850c elementor-widget__width-initial elementor-tablet-align-left elementor-widget-mobile__width-initial elementor-widget elementor-widget-button\" data-id=\"928850c\" data-element_type=\"widget\" data-e-type=\"widget\" data-widget_type=\"button.default\">\n\t\t\t\t<div class=\"elementor-widget-container\">\n\t\t\t\t\t\t\t\t\t<div class=\"elementor-button-wrapper\">\n\t\t\t\t\t<a class=\"elementor-button elementor-button-link elementor-size-sm elementor-animation-shrink\" href=\"https:\/\/icrop.com\/de\/demo-anfordern-icrop\/\">\n\t\t\t\t\t\t<span class=\"elementor-button-content-wrapper\">\n\t\t\t\t\t\t<span class=\"elementor-button-icon\">\n\t\t\t\t<i aria-hidden=\"true\" class=\"fal fa-arrow-right\"><\/i>\t\t\t<\/span>\n\t\t\t\t\t\t\t\t\t<span class=\"elementor-button-text\">Demo anfordern<\/span>\n\t\t\t\t\t<\/span>\n\t\t\t\t\t<\/a>\n\t\t\t\t<\/div>\n\t\t\t\t\t\t\t\t<\/div>\n\t\t\t\t<\/div>\n\t\t\t\t<\/div>\n\t\t\t\t\t<\/div>\n\t\t\t\t<\/div>\n\t\t\t\t<\/div>\n\t\t","protected":false},"excerpt":{"rendered":"<p>Erleben Sie die Leistung von iCrop Praktische Erfolgsgeschichten Die Stimme unserer Kunden: Erfahrungen, die f\u00fcr sich selbst sprechen &#8222;iCrop kombiniert Flexibilit\u00e4t und Benutzerfreundlichkeit mit leistungsstarken Funktionen, die speziell f\u00fcr den Agrarsektor entwickelt wurden. Die Plattform hilft uns nicht nur, effizienter zu arbeiten, sondern bietet auch eine zuverl\u00e4ssige Grundlage, um unsere Kunden besser zu beraten und [&hellip;]<\/p>\n","protected":false},"author":7,"featured_media":11051,"parent":0,"menu_order":0,"comment_status":"closed","ping_status":"closed","template":"","meta":{"_acf_changed":false,"_eb_attr":"","footnotes":""},"class_list":["post-11081","page","type-page","status-publish","has-post-thumbnail","hentry"],"acf":[],"yoast_head":"<!-- This site is optimized with the Yoast SEO plugin v27.4 - https:\/\/yoast.com\/product\/yoast-seo-wordpress\/ -->\n<title>Referenzen - iCrop.com<\/title>\n<meta name=\"description\" content=\"Lesen Sie die Referenzen von iCrop und erfahren Sie, wie unsere Datenplattform Landwirten und Beratern hilft, effizientere und nachhaltigere Pflanzen anzubauen.\" \/>\n<meta name=\"robots\" content=\"index, follow, max-snippet:-1, max-image-preview:large, max-video-preview:-1\" \/>\n<link rel=\"canonical\" href=\"https:\/\/icrop.com\/de\/referenzen\/\" \/>\n<meta property=\"og:locale\" content=\"de_DE\" \/>\n<meta property=\"og:type\" content=\"article\" \/>\n<meta property=\"og:title\" content=\"Referenzen - iCrop.com\" \/>\n<meta property=\"og:description\" content=\"Lesen Sie die Referenzen von iCrop und erfahren Sie, wie unsere Datenplattform Landwirten und Beratern hilft, effizientere und nachhaltigere Pflanzen anzubauen.\" \/>\n<meta property=\"og:url\" content=\"https:\/\/icrop.com\/de\/referenzen\/\" \/>\n<meta property=\"og:site_name\" content=\"iCrop.com\" \/>\n<meta property=\"article:modified_time\" content=\"2025-04-14T09:16:21+00:00\" \/>\n<meta property=\"og:image\" content=\"https:\/\/icrop.com\/wp-content\/uploads\/2025\/01\/Referentie.png\" \/>\n\t<meta property=\"og:image:width\" content=\"1200\" \/>\n\t<meta property=\"og:image:height\" content=\"650\" \/>\n\t<meta property=\"og:image:type\" content=\"image\/png\" \/>\n<meta name=\"twitter:card\" content=\"summary_large_image\" \/>\n<meta name=\"twitter:label1\" content=\"Gesch\u00e4tzte Lesezeit\" \/>\n\t<meta name=\"twitter:data1\" content=\"4\u00a0Minuten\" \/>\n<script type=\"application\/ld+json\" class=\"yoast-schema-graph\">{\"@context\":\"https:\\\/\\\/schema.org\",\"@graph\":[{\"@type\":\"WebPage\",\"@id\":\"https:\\\/\\\/icrop.com\\\/de\\\/referenzen\\\/\",\"url\":\"https:\\\/\\\/icrop.com\\\/de\\\/referenzen\\\/\",\"name\":\"Referenzen - iCrop.com\",\"isPartOf\":{\"@id\":\"https:\\\/\\\/icrop.com\\\/#website\"},\"primaryImageOfPage\":{\"@id\":\"https:\\\/\\\/icrop.com\\\/de\\\/referenzen\\\/#primaryimage\"},\"image\":{\"@id\":\"https:\\\/\\\/icrop.com\\\/de\\\/referenzen\\\/#primaryimage\"},\"thumbnailUrl\":\"https:\\\/\\\/icrop.com\\\/wp-content\\\/uploads\\\/2025\\\/01\\\/Referentie.png\",\"datePublished\":\"2025-01-29T10:04:31+00:00\",\"dateModified\":\"2025-04-14T09:16:21+00:00\",\"description\":\"Lesen Sie die Referenzen von iCrop und erfahren Sie, wie unsere Datenplattform Landwirten und Beratern hilft, effizientere und nachhaltigere Pflanzen anzubauen.\",\"breadcrumb\":{\"@id\":\"https:\\\/\\\/icrop.com\\\/de\\\/referenzen\\\/#breadcrumb\"},\"inLanguage\":\"de\",\"potentialAction\":[{\"@type\":\"ReadAction\",\"target\":[\"https:\\\/\\\/icrop.com\\\/de\\\/referenzen\\\/\"]}]},{\"@type\":\"ImageObject\",\"inLanguage\":\"de\",\"@id\":\"https:\\\/\\\/icrop.com\\\/de\\\/referenzen\\\/#primaryimage\",\"url\":\"https:\\\/\\\/icrop.com\\\/wp-content\\\/uploads\\\/2025\\\/01\\\/Referentie.png\",\"contentUrl\":\"https:\\\/\\\/icrop.com\\\/wp-content\\\/uploads\\\/2025\\\/01\\\/Referentie.png\",\"width\":1200,\"height\":650},{\"@type\":\"BreadcrumbList\",\"@id\":\"https:\\\/\\\/icrop.com\\\/de\\\/referenzen\\\/#breadcrumb\",\"itemListElement\":[{\"@type\":\"ListItem\",\"position\":1,\"name\":\"Home\",\"item\":\"https:\\\/\\\/icrop.com\\\/de\\\/\"},{\"@type\":\"ListItem\",\"position\":2,\"name\":\"Referenzen\"}]},{\"@type\":\"WebSite\",\"@id\":\"https:\\\/\\\/icrop.com\\\/#website\",\"url\":\"https:\\\/\\\/icrop.com\\\/\",\"name\":\"iCrop.nl\",\"description\":\"Connect data, streamline your proces.\",\"publisher\":{\"@id\":\"https:\\\/\\\/icrop.com\\\/#organization\"},\"potentialAction\":[{\"@type\":\"SearchAction\",\"target\":{\"@type\":\"EntryPoint\",\"urlTemplate\":\"https:\\\/\\\/icrop.com\\\/?s={search_term_string}\"},\"query-input\":{\"@type\":\"PropertyValueSpecification\",\"valueRequired\":true,\"valueName\":\"search_term_string\"}}],\"inLanguage\":\"de\"},{\"@type\":\"Organization\",\"@id\":\"https:\\\/\\\/icrop.com\\\/#organization\",\"name\":\"iCrop.nl\",\"url\":\"https:\\\/\\\/icrop.com\\\/\",\"logo\":{\"@type\":\"ImageObject\",\"inLanguage\":\"de\",\"@id\":\"https:\\\/\\\/icrop.com\\\/#\\\/schema\\\/logo\\\/image\\\/\",\"url\":\"https:\\\/\\\/icrop.com\\\/wp-content\\\/uploads\\\/2024\\\/11\\\/Logo-website.png\",\"contentUrl\":\"https:\\\/\\\/icrop.com\\\/wp-content\\\/uploads\\\/2024\\\/11\\\/Logo-website.png\",\"width\":313,\"height\":93,\"caption\":\"iCrop.nl\"},\"image\":{\"@id\":\"https:\\\/\\\/icrop.com\\\/#\\\/schema\\\/logo\\\/image\\\/\"},\"sameAs\":[\"https:\\\/\\\/www.linkedin.com\\\/company\\\/icrop-nl\\\/\"]}]}<\/script>\n<!-- \/ Yoast SEO plugin. -->","yoast_head_json":{"title":"Referenzen - iCrop.com","description":"Lesen Sie die Referenzen von iCrop und erfahren Sie, wie unsere Datenplattform Landwirten und Beratern hilft, effizientere und nachhaltigere Pflanzen anzubauen.","robots":{"index":"index","follow":"follow","max-snippet":"max-snippet:-1","max-image-preview":"max-image-preview:large","max-video-preview":"max-video-preview:-1"},"canonical":"https:\/\/icrop.com\/de\/referenzen\/","og_locale":"de_DE","og_type":"article","og_title":"Referenzen - iCrop.com","og_description":"Lesen Sie die Referenzen von iCrop und erfahren Sie, wie unsere Datenplattform Landwirten und Beratern hilft, effizientere und nachhaltigere Pflanzen anzubauen.","og_url":"https:\/\/icrop.com\/de\/referenzen\/","og_site_name":"iCrop.com","article_modified_time":"2025-04-14T09:16:21+00:00","og_image":[{"width":1200,"height":650,"url":"https:\/\/icrop.com\/wp-content\/uploads\/2025\/01\/Referentie.png","type":"image\/png"}],"twitter_card":"summary_large_image","twitter_misc":{"Gesch\u00e4tzte Lesezeit":"4\u00a0Minuten"},"schema":{"@context":"https:\/\/schema.org","@graph":[{"@type":"WebPage","@id":"https:\/\/icrop.com\/de\/referenzen\/","url":"https:\/\/icrop.com\/de\/referenzen\/","name":"Referenzen - iCrop.com","isPartOf":{"@id":"https:\/\/icrop.com\/#website"},"primaryImageOfPage":{"@id":"https:\/\/icrop.com\/de\/referenzen\/#primaryimage"},"image":{"@id":"https:\/\/icrop.com\/de\/referenzen\/#primaryimage"},"thumbnailUrl":"https:\/\/icrop.com\/wp-content\/uploads\/2025\/01\/Referentie.png","datePublished":"2025-01-29T10:04:31+00:00","dateModified":"2025-04-14T09:16:21+00:00","description":"Lesen Sie die Referenzen von iCrop und erfahren Sie, wie unsere Datenplattform Landwirten und Beratern hilft, effizientere und nachhaltigere Pflanzen anzubauen.","breadcrumb":{"@id":"https:\/\/icrop.com\/de\/referenzen\/#breadcrumb"},"inLanguage":"de","potentialAction":[{"@type":"ReadAction","target":["https:\/\/icrop.com\/de\/referenzen\/"]}]},{"@type":"ImageObject","inLanguage":"de","@id":"https:\/\/icrop.com\/de\/referenzen\/#primaryimage","url":"https:\/\/icrop.com\/wp-content\/uploads\/2025\/01\/Referentie.png","contentUrl":"https:\/\/icrop.com\/wp-content\/uploads\/2025\/01\/Referentie.png","width":1200,"height":650},{"@type":"BreadcrumbList","@id":"https:\/\/icrop.com\/de\/referenzen\/#breadcrumb","itemListElement":[{"@type":"ListItem","position":1,"name":"Home","item":"https:\/\/icrop.com\/de\/"},{"@type":"ListItem","position":2,"name":"Referenzen"}]},{"@type":"WebSite","@id":"https:\/\/icrop.com\/#website","url":"https:\/\/icrop.com\/","name":"iCrop.nl","description":"Connect data, streamline your proces.","publisher":{"@id":"https:\/\/icrop.com\/#organization"},"potentialAction":[{"@type":"SearchAction","target":{"@type":"EntryPoint","urlTemplate":"https:\/\/icrop.com\/?s={search_term_string}"},"query-input":{"@type":"PropertyValueSpecification","valueRequired":true,"valueName":"search_term_string"}}],"inLanguage":"de"},{"@type":"Organization","@id":"https:\/\/icrop.com\/#organization","name":"iCrop.nl","url":"https:\/\/icrop.com\/","logo":{"@type":"ImageObject","inLanguage":"de","@id":"https:\/\/icrop.com\/#\/schema\/logo\/image\/","url":"https:\/\/icrop.com\/wp-content\/uploads\/2024\/11\/Logo-website.png","contentUrl":"https:\/\/icrop.com\/wp-content\/uploads\/2024\/11\/Logo-website.png","width":313,"height":93,"caption":"iCrop.nl"},"image":{"@id":"https:\/\/icrop.com\/#\/schema\/logo\/image\/"},"sameAs":["https:\/\/www.linkedin.com\/company\/icrop-nl\/"]}]}},"_links":{"self":[{"href":"https:\/\/icrop.com\/de\/wp-json\/wp\/v2\/pages\/11081","targetHints":{"allow":["GET"]}}],"collection":[{"href":"https:\/\/icrop.com\/de\/wp-json\/wp\/v2\/pages"}],"about":[{"href":"https:\/\/icrop.com\/de\/wp-json\/wp\/v2\/types\/page"}],"author":[{"embeddable":true,"href":"https:\/\/icrop.com\/de\/wp-json\/wp\/v2\/users\/7"}],"replies":[{"embeddable":true,"href":"https:\/\/icrop.com\/de\/wp-json\/wp\/v2\/comments?post=11081"}],"version-history":[{"count":5,"href":"https:\/\/icrop.com\/de\/wp-json\/wp\/v2\/pages\/11081\/revisions"}],"predecessor-version":[{"id":11802,"href":"https:\/\/icrop.com\/de\/wp-json\/wp\/v2\/pages\/11081\/revisions\/11802"}],"wp:featuredmedia":[{"embeddable":true,"href":"https:\/\/icrop.com\/de\/wp-json\/wp\/v2\/media\/11051"}],"wp:attachment":[{"href":"https:\/\/icrop.com\/de\/wp-json\/wp\/v2\/media?parent=11081"}],"curies":[{"name":"wp","href":"https:\/\/api.w.org\/{rel}","templated":true}]}}