{"id":10528,"date":"2024-12-13T15:18:29","date_gmt":"2024-12-13T14:18:29","guid":{"rendered":"https:\/\/icrop.com\/roi-berechnung-icrop\/"},"modified":"2025-01-07T11:24:05","modified_gmt":"2025-01-07T10:24:05","slug":"roi-berechnung-icrop","status":"publish","type":"page","link":"https:\/\/icrop.com\/de\/roi-berechnung-icrop\/","title":{"rendered":"ROI-Berechnung iCrop"},"content":{"rendered":"\t\t<div data-elementor-type=\"wp-page\" data-elementor-id=\"10528\" class=\"elementor elementor-10528 elementor-8183\" data-elementor-post-type=\"page\">\n\t\t\t\t<div class=\"elementor-element elementor-element-183184c e-flex e-con-boxed e-con e-parent\" data-id=\"183184c\" data-element_type=\"container\" data-e-type=\"container\" data-settings=\"{&quot;background_background&quot;:&quot;classic&quot;}\">\n\t\t\t\t\t<div class=\"e-con-inner\">\n\t\t\t\t<div class=\"elementor-element elementor-element-593c839 elementor-widget elementor-widget-spacer\" data-id=\"593c839\" data-element_type=\"widget\" data-e-type=\"widget\" data-widget_type=\"spacer.default\">\n\t\t\t\t<div class=\"elementor-widget-container\">\n\t\t\t\t\t\t\t<div class=\"elementor-spacer\">\n\t\t\t<div class=\"elementor-spacer-inner\"><\/div>\n\t\t<\/div>\n\t\t\t\t\t\t<\/div>\n\t\t\t\t<\/div>\n\t\t\t\t<div class=\"elementor-element elementor-element-8eda879 elementor-widget__width-initial elementor-widget elementor-widget-heading\" data-id=\"8eda879\" data-element_type=\"widget\" data-e-type=\"widget\" data-widget_type=\"heading.default\">\n\t\t\t\t<div class=\"elementor-widget-container\">\n\t\t\t\t\t<h2 class=\"elementor-heading-title elementor-size-default\">Berechnen Sie kostenlos Ihren ROI und finden Sie heraus, wie Sie mit iCrop Zeit und Geld sparen k\u00f6nnen!\n\n<\/h2>\t\t\t\t<\/div>\n\t\t\t\t<\/div>\n\t\t\t\t\t<\/div>\n\t\t\t\t<\/div>\n\t\t<div class=\"elementor-element elementor-element-1b0e2d3 e-flex e-con-boxed e-con e-parent\" data-id=\"1b0e2d3\" data-element_type=\"container\" data-e-type=\"container\">\n\t\t\t\t\t<div class=\"e-con-inner\">\n\t\t<div class=\"elementor-element elementor-element-561ba59 e-con-full e-flex e-con e-child\" data-id=\"561ba59\" data-element_type=\"container\" data-e-type=\"container\">\n\t\t<div class=\"elementor-element elementor-element-9a5e602 e-con-full e-flex e-con e-child\" data-id=\"9a5e602\" data-element_type=\"container\" data-e-type=\"container\" data-settings=\"{&quot;background_background&quot;:&quot;classic&quot;}\">\n\t\t\t\t<div class=\"elementor-element elementor-element-55b3d7b elementor-widget__width-initial elementor-widget elementor-widget-heading\" data-id=\"55b3d7b\" data-element_type=\"widget\" data-e-type=\"widget\" data-settings=\"{&quot;_animation&quot;:&quot;none&quot;}\" data-widget_type=\"heading.default\">\n\t\t\t\t<div class=\"elementor-widget-container\">\n\t\t\t\t\t<h2 class=\"elementor-heading-title elementor-size-default\">Wie profitiert Ihr Unternehmen von iCrop?\n\n<\/h2>\t\t\t\t<\/div>\n\t\t\t\t<\/div>\n\t\t\t\t<div class=\"elementor-element elementor-element-014aefa elementor-position-inline-start elementor-mobile-position-inline-start elementor-view-default elementor-widget elementor-widget-icon-box\" data-id=\"014aefa\" data-element_type=\"widget\" data-e-type=\"widget\" data-widget_type=\"icon-box.default\">\n\t\t\t\t<div class=\"elementor-widget-container\">\n\t\t\t\t\t\t\t<div class=\"elementor-icon-box-wrapper\">\n\n\t\t\t\t\t\t<div class=\"elementor-icon-box-icon\">\n\t\t\t\t<span  class=\"elementor-icon\">\n\t\t\t\t<i aria-hidden=\"true\" class=\"fal fa-check\"><\/i>\t\t\t\t<\/span>\n\t\t\t<\/div>\n\t\t\t\n\t\t\t\t\t\t<div class=\"elementor-icon-box-content\">\n\n\t\t\t\t\t\t\t\t\t<h3 class=\"elementor-icon-box-title\">\n\t\t\t\t\t\t<span  >\n\t\t\t\t\t\t\tZeitersparnis bei Verwaltungsaufgaben\t\t\t\t\t\t<\/span>\n\t\t\t\t\t<\/h3>\n\t\t\t\t\n\t\t\t\t\t\t\t\t\t<p class=\"elementor-icon-box-description\">\n\t\t\t\t\t\tBis zu <b>8 Stunden pro Woche <\/b>weniger Zeitaufwand f\u00fcr Dateneingabe, Berichte und Grundst\u00fccksbesuche.\t\t\t\t\t<\/p>\n\t\t\t\t\n\t\t\t<\/div>\n\t\t\t\n\t\t<\/div>\n\t\t\t\t\t\t<\/div>\n\t\t\t\t<\/div>\n\t\t\t\t<div class=\"elementor-element elementor-element-9d4673e elementor-widget elementor-widget-text-editor\" data-id=\"9d4673e\" data-element_type=\"widget\" data-e-type=\"widget\" data-widget_type=\"text-editor.default\">\n\t\t\t\t<div class=\"elementor-widget-container\">\n\t\t\t\t\t\t\t\t\t<p><strong>Einsparungen pro Mitarbeiter: \u20ac20.000 &#8211; \u20ac40.000 pro Jahr.<\/strong><\/p>\n\t\t\t\t\t\t\t\t<\/div>\n\t\t\t\t<\/div>\n\t\t\t\t<div class=\"elementor-element elementor-element-d46ecac elementor-position-inline-start elementor-mobile-position-inline-start elementor-view-default elementor-widget elementor-widget-icon-box\" data-id=\"d46ecac\" data-element_type=\"widget\" data-e-type=\"widget\" data-widget_type=\"icon-box.default\">\n\t\t\t\t<div class=\"elementor-widget-container\">\n\t\t\t\t\t\t\t<div class=\"elementor-icon-box-wrapper\">\n\n\t\t\t\t\t\t<div class=\"elementor-icon-box-icon\">\n\t\t\t\t<span  class=\"elementor-icon\">\n\t\t\t\t<i aria-hidden=\"true\" class=\"fal fa-check\"><\/i>\t\t\t\t<\/span>\n\t\t\t<\/div>\n\t\t\t\n\t\t\t\t\t\t<div class=\"elementor-icon-box-content\">\n\n\t\t\t\t\t\t\t\t\t<h3 class=\"elementor-icon-box-title\">\n\t\t\t\t\t\t<span  >\n\t\t\t\t\t\t\tH\u00f6here Ertr\u00e4ge durch bessere Anbauentscheidungen\t\t\t\t\t\t<\/span>\n\t\t\t\t\t<\/h3>\n\t\t\t\t\n\t\t\t\t\t\t\t\t\t<p class=\"elementor-icon-box-description\">\n\t\t\t\t\t\tDatengest\u00fctzte Beratung sorgt f\u00fcr eine Ertragssteigerung von 10%-20%.\t\t\t\t\t<\/p>\n\t\t\t\t\n\t\t\t<\/div>\n\t\t\t\n\t\t<\/div>\n\t\t\t\t\t\t<\/div>\n\t\t\t\t<\/div>\n\t\t\t\t<div class=\"elementor-element elementor-element-e71571a elementor-widget elementor-widget-text-editor\" data-id=\"e71571a\" data-element_type=\"widget\" data-e-type=\"widget\" data-widget_type=\"text-editor.default\">\n\t\t\t\t<div class=\"elementor-widget-container\">\n\t\t\t\t\t\t\t\t\t<p><b>Zus\u00e4tzlicher Ertrag: \u20ac50.000 &#8211; \u20ac100.000 pro Jahr.<\/b><\/p>\n\t\t\t\t\t\t\t\t<\/div>\n\t\t\t\t<\/div>\n\t\t\t\t<div class=\"elementor-element elementor-element-ba2f64f elementor-position-inline-start elementor-mobile-position-inline-start elementor-view-default elementor-widget elementor-widget-icon-box\" data-id=\"ba2f64f\" data-element_type=\"widget\" data-e-type=\"widget\" data-widget_type=\"icon-box.default\">\n\t\t\t\t<div class=\"elementor-widget-container\">\n\t\t\t\t\t\t\t<div class=\"elementor-icon-box-wrapper\">\n\n\t\t\t\t\t\t<div class=\"elementor-icon-box-icon\">\n\t\t\t\t<span  class=\"elementor-icon\">\n\t\t\t\t<i aria-hidden=\"true\" class=\"fal fa-check\"><\/i>\t\t\t\t<\/span>\n\t\t\t<\/div>\n\t\t\t\n\t\t\t\t\t\t<div class=\"elementor-icon-box-content\">\n\n\t\t\t\t\t\t\t\t\t<h3 class=\"elementor-icon-box-title\">\n\t\t\t\t\t\t<span  >\n\t\t\t\t\t\t\tEffizientere Kommunikation\t\t\t\t\t\t<\/span>\n\t\t\t\t\t<\/h3>\n\t\t\t\t\n\t\t\t\t\t\t\t\t\t<p class=\"elementor-icon-box-description\">\n\t\t\t\t\t\tWeniger Telefonanrufe und E-Mails, mehr \u00dcbersicht und klare Vereinbarungen.\n\n\t\t\t\t\t<\/p>\n\t\t\t\t\n\t\t\t<\/div>\n\t\t\t\n\t\t<\/div>\n\t\t\t\t\t\t<\/div>\n\t\t\t\t<\/div>\n\t\t\t\t<div class=\"elementor-element elementor-element-9dddd06 elementor-widget elementor-widget-text-editor\" data-id=\"9dddd06\" data-element_type=\"widget\" data-e-type=\"widget\" data-widget_type=\"text-editor.default\">\n\t\t\t\t<div class=\"elementor-widget-container\">\n\t\t\t\t\t\t\t\t\t<p><b>Das Ergebnis: mehr zufriedene Kunden und Zeitersparnis.<\/b><\/p>\n\t\t\t\t\t\t\t\t<\/div>\n\t\t\t\t<\/div>\n\t\t\t\t<\/div>\n\t\t\t\t<\/div>\n\t\t<div class=\"elementor-element elementor-element-94892bb e-con-full e-flex e-con e-child\" data-id=\"94892bb\" data-element_type=\"container\" data-e-type=\"container\">\n\t\t<div class=\"elementor-element elementor-element-1f8d85b e-con-full e-flex e-con e-child\" data-id=\"1f8d85b\" data-element_type=\"container\" data-e-type=\"container\">\n\t\t\t\t<div class=\"elementor-element elementor-element-0204278 elementor-widget elementor-widget-heading\" data-id=\"0204278\" data-element_type=\"widget\" data-e-type=\"widget\" data-widget_type=\"heading.default\">\n\t\t\t\t<div class=\"elementor-widget-container\">\n\t\t\t\t\t<h2 class=\"elementor-heading-title elementor-size-default\">Fordern Sie jetzt Ihre kostenlose ROI-Berechnung an\n<\/h2>\t\t\t\t<\/div>\n\t\t\t\t<\/div>\n\t\t\t\t<div class=\"elementor-element elementor-element-60405ea elementor-widget elementor-widget-text-editor\" data-id=\"60405ea\" data-element_type=\"widget\" data-e-type=\"widget\" data-widget_type=\"text-editor.default\">\n\t\t\t\t<div class=\"elementor-widget-container\">\n\t\t\t\t\t\t\t\t\t<p>Erhalten Sie einen pers\u00f6nlichen \u00dcberblick \u00fcber Ihre m\u00f6glichen Einsparungen und Ertr\u00e4ge. F\u00fcllen Sie das Formular aus und wir erledigen den Rest! <\/p>\n\t\t\t\t\t\t\t\t<\/div>\n\t\t\t\t<\/div>\n\t\t\t\t<div class=\"elementor-element elementor-element-62c863e elementor-widget elementor-widget-html\" data-id=\"62c863e\" data-element_type=\"widget\" data-e-type=\"widget\" data-widget_type=\"html.default\">\n\t\t\t\t<div class=\"elementor-widget-container\">\n\t\t\t\t\t<script charset=\"utf-8\" type=\"text\/javascript\" src=\"\/\/js-eu1.hsforms.net\/forms\/embed\/v2.js\"><\/script>\r\n<script>\r\n  hbspt.forms.create({\r\n    portalId: \"144052393\",\r\n    formId: \"6a4c54a4-2aec-4c5e-b224-1f55c709b920\"\r\n  });\r\n<\/script>\t\t\t\t<\/div>\n\t\t\t\t<\/div>\n\t\t\t\t<\/div>\n\t\t\t\t<\/div>\n\t\t\t\t\t<\/div>\n\t\t\t\t<\/div>\n\t\t<div class=\"elementor-element elementor-element-203b608 e-flex e-con-boxed e-con e-parent\" data-id=\"203b608\" data-element_type=\"container\" data-e-type=\"container\">\n\t\t\t\t\t<div class=\"e-con-inner\">\n\t\t<div class=\"elementor-element elementor-element-be1551c e-grid e-con-full e-con e-child\" data-id=\"be1551c\" data-element_type=\"container\" data-e-type=\"container\">\n\t\t\t\t<div class=\"elementor-element elementor-element-44870d0 elementor-widget elementor-widget-image\" data-id=\"44870d0\" data-element_type=\"widget\" data-e-type=\"widget\" data-widget_type=\"image.default\">\n\t\t\t\t<div class=\"elementor-widget-container\">\n\t\t\t\t\t\t\t\t\t\t\t\t\t\t\t\t<a href=\"https:\/\/gourmet.nl\/\">\n\t\t\t\t\t\t\t<img fetchpriority=\"high\" decoding=\"async\" width=\"611\" height=\"611\" src=\"https:\/\/icrop.com\/wp-content\/uploads\/2024\/11\/Gourmet.png\" class=\"elementor-animation-shrink attachment-large size-large wp-image-3700\" alt=\"Gourmet\" srcset=\"https:\/\/icrop.com\/wp-content\/uploads\/2024\/11\/Gourmet.png 611w, https:\/\/icrop.com\/wp-content\/uploads\/2024\/11\/Gourmet-300x300.png 300w, https:\/\/icrop.com\/wp-content\/uploads\/2024\/11\/Gourmet-150x150.png 150w\" sizes=\"(max-width: 611px) 100vw, 611px\" \/>\t\t\t\t\t\t\t\t<\/a>\n\t\t\t\t\t\t\t\t\t\t\t\t\t\t\t<\/div>\n\t\t\t\t<\/div>\n\t\t\t\t<div class=\"elementor-element elementor-element-994b86c elementor-widget elementor-widget-image\" data-id=\"994b86c\" data-element_type=\"widget\" data-e-type=\"widget\" data-widget_type=\"image.default\">\n\t\t\t\t<div class=\"elementor-widget-container\">\n\t\t\t\t\t\t\t\t\t\t\t\t\t\t\t\t<a href=\"https:\/\/www.agrifirm.nl\/\">\n\t\t\t\t\t\t\t<img decoding=\"async\" width=\"800\" height=\"800\" src=\"https:\/\/icrop.com\/wp-content\/uploads\/2024\/11\/GMN-Agrifirm-1024x1024.png\" class=\"elementor-animation-shrink attachment-large size-large wp-image-3697\" alt=\"GMN Agrifirm\" srcset=\"https:\/\/icrop.com\/wp-content\/uploads\/2024\/11\/GMN-Agrifirm-1024x1024.png 1024w, https:\/\/icrop.com\/wp-content\/uploads\/2024\/11\/GMN-Agrifirm-300x300.png 300w, https:\/\/icrop.com\/wp-content\/uploads\/2024\/11\/GMN-Agrifirm-150x150.png 150w, https:\/\/icrop.com\/wp-content\/uploads\/2024\/11\/GMN-Agrifirm-768x768.png 768w, https:\/\/icrop.com\/wp-content\/uploads\/2024\/11\/GMN-Agrifirm-1536x1536.png 1536w, https:\/\/icrop.com\/wp-content\/uploads\/2024\/11\/GMN-Agrifirm.png 2048w\" sizes=\"(max-width: 800px) 100vw, 800px\" \/>\t\t\t\t\t\t\t\t<\/a>\n\t\t\t\t\t\t\t\t\t\t\t\t\t\t\t<\/div>\n\t\t\t\t<\/div>\n\t\t\t\t<div class=\"elementor-element elementor-element-e329b27 elementor-widget elementor-widget-image\" data-id=\"e329b27\" data-element_type=\"widget\" data-e-type=\"widget\" data-widget_type=\"image.default\">\n\t\t\t\t<div class=\"elementor-widget-container\">\n\t\t\t\t\t\t\t\t\t\t\t\t\t\t\t\t<a href=\"https:\/\/fresh2you.eu\/\">\n\t\t\t\t\t\t\t<img decoding=\"async\" width=\"350\" height=\"188\" src=\"https:\/\/icrop.com\/wp-content\/uploads\/2023\/04\/Fresh2you.png\" class=\"elementor-animation-shrink attachment-large size-large wp-image-6105\" alt=\"\" srcset=\"https:\/\/icrop.com\/wp-content\/uploads\/2023\/04\/Fresh2you.png 350w, https:\/\/icrop.com\/wp-content\/uploads\/2023\/04\/Fresh2you-300x161.png 300w\" sizes=\"(max-width: 350px) 100vw, 350px\" \/>\t\t\t\t\t\t\t\t<\/a>\n\t\t\t\t\t\t\t\t\t\t\t\t\t\t\t<\/div>\n\t\t\t\t<\/div>\n\t\t\t\t<div class=\"elementor-element elementor-element-e2db233 elementor-widget elementor-widget-image\" data-id=\"e2db233\" data-element_type=\"widget\" data-e-type=\"widget\" data-widget_type=\"image.default\">\n\t\t\t\t<div class=\"elementor-widget-container\">\n\t\t\t\t\t\t\t\t\t\t\t\t\t\t\t\t<a href=\"https:\/\/www.kwizda-agro.com\/en\">\n\t\t\t\t\t\t\t<img loading=\"lazy\" decoding=\"async\" width=\"350\" height=\"175\" src=\"https:\/\/icrop.com\/wp-content\/uploads\/2023\/04\/Kwizda-Agro.png\" class=\"elementor-animation-shrink attachment-large size-large wp-image-6117\" alt=\"\" srcset=\"https:\/\/icrop.com\/wp-content\/uploads\/2023\/04\/Kwizda-Agro.png 350w, https:\/\/icrop.com\/wp-content\/uploads\/2023\/04\/Kwizda-Agro-300x150.png 300w\" sizes=\"(max-width: 350px) 100vw, 350px\" \/>\t\t\t\t\t\t\t\t<\/a>\n\t\t\t\t\t\t\t\t\t\t\t\t\t\t\t<\/div>\n\t\t\t\t<\/div>\n\t\t\t\t<div class=\"elementor-element elementor-element-a6d36b4 elementor-widget elementor-widget-image\" data-id=\"a6d36b4\" data-element_type=\"widget\" data-e-type=\"widget\" data-widget_type=\"image.default\">\n\t\t\t\t<div class=\"elementor-widget-container\">\n\t\t\t\t\t\t\t\t\t\t\t\t\t\t\t\t<a href=\"https:\/\/www.czav.nl\/\">\n\t\t\t\t\t\t\t<img loading=\"lazy\" decoding=\"async\" width=\"304\" height=\"166\" src=\"https:\/\/icrop.com\/wp-content\/uploads\/2024\/04\/icrop-czav.png\" class=\"elementor-animation-shrink attachment-large size-large wp-image-2530\" alt=\"\" srcset=\"https:\/\/icrop.com\/wp-content\/uploads\/2024\/04\/icrop-czav.png 304w, https:\/\/icrop.com\/wp-content\/uploads\/2024\/04\/icrop-czav-300x164.png 300w\" sizes=\"(max-width: 304px) 100vw, 304px\" \/>\t\t\t\t\t\t\t\t<\/a>\n\t\t\t\t\t\t\t\t\t\t\t\t\t\t\t<\/div>\n\t\t\t\t<\/div>\n\t\t\t\t<div class=\"elementor-element elementor-element-af5e03d elementor-widget elementor-widget-image\" data-id=\"af5e03d\" data-element_type=\"widget\" data-e-type=\"widget\" data-widget_type=\"image.default\">\n\t\t\t\t<div class=\"elementor-widget-container\">\n\t\t\t\t\t\t\t\t\t\t\t\t\t\t\t<img loading=\"lazy\" decoding=\"async\" width=\"800\" height=\"180\" src=\"https:\/\/icrop.com\/wp-content\/uploads\/2023\/04\/BND-Telersvereniging-1024x230.png\" class=\"elementor-animation-shrink attachment-large size-large wp-image-6108\" alt=\"\" srcset=\"https:\/\/icrop.com\/wp-content\/uploads\/2023\/04\/BND-Telersvereniging-1024x230.png 1024w, https:\/\/icrop.com\/wp-content\/uploads\/2023\/04\/BND-Telersvereniging-300x67.png 300w, https:\/\/icrop.com\/wp-content\/uploads\/2023\/04\/BND-Telersvereniging-768x172.png 768w, https:\/\/icrop.com\/wp-content\/uploads\/2023\/04\/BND-Telersvereniging-1536x345.png 1536w, https:\/\/icrop.com\/wp-content\/uploads\/2023\/04\/BND-Telersvereniging-2048x460.png 2048w\" sizes=\"(max-width: 800px) 100vw, 800px\" \/>\t\t\t\t\t\t\t\t\t\t\t\t\t\t\t<\/div>\n\t\t\t\t<\/div>\n\t\t\t\t<\/div>\n\t\t\t\t\t<\/div>\n\t\t\t\t<\/div>\n\t\t\t\t<\/div>\n\t\t","protected":false},"excerpt":{"rendered":"<p>Berechnen Sie kostenlos Ihren ROI und finden Sie heraus, wie Sie mit iCrop Zeit und Geld sparen k\u00f6nnen! Wie profitiert Ihr Unternehmen von iCrop? Zeitersparnis bei Verwaltungsaufgaben Bis zu 8 Stunden pro Woche weniger Zeitaufwand f\u00fcr Dateneingabe, Berichte und Grundst\u00fccksbesuche. Einsparungen pro Mitarbeiter: \u20ac20.000 &#8211; \u20ac40.000 pro Jahr. H\u00f6here Ertr\u00e4ge durch bessere Anbauentscheidungen Datengest\u00fctzte Beratung [&hellip;]<\/p>\n","protected":false},"author":7,"featured_media":8296,"parent":0,"menu_order":0,"comment_status":"closed","ping_status":"closed","template":"","meta":{"_acf_changed":false,"_eb_attr":"","footnotes":""},"class_list":["post-10528","page","type-page","status-publish","has-post-thumbnail","hentry"],"acf":[],"yoast_head":"<!-- This site is optimized with the Yoast SEO plugin v27.4 - https:\/\/yoast.com\/product\/yoast-seo-wordpress\/ -->\n<title>ROI-Berechnung iCrop - iCrop.com<\/title>\n<meta name=\"description\" content=\"Entdecken Sie, wie viel Zeit und Kosten Sie durch ein effizienteres Farmmanagement sparen. Optimieren Sie Prozesse und steigern Sie Ihren Umsatz.\" \/>\n<meta name=\"robots\" content=\"index, follow, max-snippet:-1, max-image-preview:large, max-video-preview:-1\" \/>\n<link rel=\"canonical\" href=\"https:\/\/icrop.com\/de\/roi-berechnung-icrop\/\" \/>\n<meta property=\"og:locale\" content=\"de_DE\" \/>\n<meta property=\"og:type\" content=\"article\" \/>\n<meta property=\"og:title\" content=\"ROI-Berechnung iCrop - iCrop.com\" \/>\n<meta property=\"og:description\" content=\"Entdecken Sie, wie viel Zeit und Kosten Sie durch ein effizienteres Farmmanagement sparen. Optimieren Sie Prozesse und steigern Sie Ihren Umsatz.\" \/>\n<meta property=\"og:url\" content=\"https:\/\/icrop.com\/de\/roi-berechnung-icrop\/\" \/>\n<meta property=\"og:site_name\" content=\"iCrop.com\" \/>\n<meta property=\"article:modified_time\" content=\"2025-01-07T10:24:05+00:00\" \/>\n<meta property=\"og:image\" content=\"https:\/\/icrop.com\/wp-content\/uploads\/2024\/12\/ROI.png\" \/>\n\t<meta property=\"og:image:width\" content=\"1200\" \/>\n\t<meta property=\"og:image:height\" content=\"650\" \/>\n\t<meta property=\"og:image:type\" content=\"image\/png\" \/>\n<meta name=\"twitter:card\" content=\"summary_large_image\" \/>\n<meta name=\"twitter:label1\" content=\"Gesch\u00e4tzte Lesezeit\" \/>\n\t<meta name=\"twitter:data1\" content=\"2\u00a0Minuten\" \/>\n<script type=\"application\/ld+json\" class=\"yoast-schema-graph\">{\"@context\":\"https:\\\/\\\/schema.org\",\"@graph\":[{\"@type\":\"WebPage\",\"@id\":\"https:\\\/\\\/icrop.com\\\/de\\\/roi-berechnung-icrop\\\/\",\"url\":\"https:\\\/\\\/icrop.com\\\/de\\\/roi-berechnung-icrop\\\/\",\"name\":\"ROI-Berechnung iCrop - iCrop.com\",\"isPartOf\":{\"@id\":\"https:\\\/\\\/icrop.com\\\/#website\"},\"primaryImageOfPage\":{\"@id\":\"https:\\\/\\\/icrop.com\\\/de\\\/roi-berechnung-icrop\\\/#primaryimage\"},\"image\":{\"@id\":\"https:\\\/\\\/icrop.com\\\/de\\\/roi-berechnung-icrop\\\/#primaryimage\"},\"thumbnailUrl\":\"https:\\\/\\\/icrop.com\\\/wp-content\\\/uploads\\\/2024\\\/12\\\/ROI.png\",\"datePublished\":\"2024-12-13T14:18:29+00:00\",\"dateModified\":\"2025-01-07T10:24:05+00:00\",\"description\":\"Entdecken Sie, wie viel Zeit und Kosten Sie durch ein effizienteres Farmmanagement sparen. Optimieren Sie Prozesse und steigern Sie Ihren Umsatz.\",\"breadcrumb\":{\"@id\":\"https:\\\/\\\/icrop.com\\\/de\\\/roi-berechnung-icrop\\\/#breadcrumb\"},\"inLanguage\":\"de\",\"potentialAction\":[{\"@type\":\"ReadAction\",\"target\":[\"https:\\\/\\\/icrop.com\\\/de\\\/roi-berechnung-icrop\\\/\"]}]},{\"@type\":\"ImageObject\",\"inLanguage\":\"de\",\"@id\":\"https:\\\/\\\/icrop.com\\\/de\\\/roi-berechnung-icrop\\\/#primaryimage\",\"url\":\"https:\\\/\\\/icrop.com\\\/wp-content\\\/uploads\\\/2024\\\/12\\\/ROI.png\",\"contentUrl\":\"https:\\\/\\\/icrop.com\\\/wp-content\\\/uploads\\\/2024\\\/12\\\/ROI.png\",\"width\":1200,\"height\":650,\"caption\":\"Doe de gratis ROI-calculatie met iCrop!\"},{\"@type\":\"BreadcrumbList\",\"@id\":\"https:\\\/\\\/icrop.com\\\/de\\\/roi-berechnung-icrop\\\/#breadcrumb\",\"itemListElement\":[{\"@type\":\"ListItem\",\"position\":1,\"name\":\"Home\",\"item\":\"https:\\\/\\\/icrop.com\\\/de\\\/\"},{\"@type\":\"ListItem\",\"position\":2,\"name\":\"ROI-Berechnung iCrop\"}]},{\"@type\":\"WebSite\",\"@id\":\"https:\\\/\\\/icrop.com\\\/#website\",\"url\":\"https:\\\/\\\/icrop.com\\\/\",\"name\":\"iCrop.nl\",\"description\":\"Connect data, streamline your proces.\",\"publisher\":{\"@id\":\"https:\\\/\\\/icrop.com\\\/#organization\"},\"potentialAction\":[{\"@type\":\"SearchAction\",\"target\":{\"@type\":\"EntryPoint\",\"urlTemplate\":\"https:\\\/\\\/icrop.com\\\/?s={search_term_string}\"},\"query-input\":{\"@type\":\"PropertyValueSpecification\",\"valueRequired\":true,\"valueName\":\"search_term_string\"}}],\"inLanguage\":\"de\"},{\"@type\":\"Organization\",\"@id\":\"https:\\\/\\\/icrop.com\\\/#organization\",\"name\":\"iCrop.nl\",\"url\":\"https:\\\/\\\/icrop.com\\\/\",\"logo\":{\"@type\":\"ImageObject\",\"inLanguage\":\"de\",\"@id\":\"https:\\\/\\\/icrop.com\\\/#\\\/schema\\\/logo\\\/image\\\/\",\"url\":\"https:\\\/\\\/icrop.com\\\/wp-content\\\/uploads\\\/2024\\\/11\\\/Logo-website.png\",\"contentUrl\":\"https:\\\/\\\/icrop.com\\\/wp-content\\\/uploads\\\/2024\\\/11\\\/Logo-website.png\",\"width\":313,\"height\":93,\"caption\":\"iCrop.nl\"},\"image\":{\"@id\":\"https:\\\/\\\/icrop.com\\\/#\\\/schema\\\/logo\\\/image\\\/\"},\"sameAs\":[\"https:\\\/\\\/www.linkedin.com\\\/company\\\/icrop-nl\\\/\"]}]}<\/script>\n<!-- \/ Yoast SEO plugin. -->","yoast_head_json":{"title":"ROI-Berechnung iCrop - iCrop.com","description":"Entdecken Sie, wie viel Zeit und Kosten Sie durch ein effizienteres Farmmanagement sparen. Optimieren Sie Prozesse und steigern Sie Ihren Umsatz.","robots":{"index":"index","follow":"follow","max-snippet":"max-snippet:-1","max-image-preview":"max-image-preview:large","max-video-preview":"max-video-preview:-1"},"canonical":"https:\/\/icrop.com\/de\/roi-berechnung-icrop\/","og_locale":"de_DE","og_type":"article","og_title":"ROI-Berechnung iCrop - iCrop.com","og_description":"Entdecken Sie, wie viel Zeit und Kosten Sie durch ein effizienteres Farmmanagement sparen. Optimieren Sie Prozesse und steigern Sie Ihren Umsatz.","og_url":"https:\/\/icrop.com\/de\/roi-berechnung-icrop\/","og_site_name":"iCrop.com","article_modified_time":"2025-01-07T10:24:05+00:00","og_image":[{"width":1200,"height":650,"url":"https:\/\/icrop.com\/wp-content\/uploads\/2024\/12\/ROI.png","type":"image\/png"}],"twitter_card":"summary_large_image","twitter_misc":{"Gesch\u00e4tzte Lesezeit":"2\u00a0Minuten"},"schema":{"@context":"https:\/\/schema.org","@graph":[{"@type":"WebPage","@id":"https:\/\/icrop.com\/de\/roi-berechnung-icrop\/","url":"https:\/\/icrop.com\/de\/roi-berechnung-icrop\/","name":"ROI-Berechnung iCrop - iCrop.com","isPartOf":{"@id":"https:\/\/icrop.com\/#website"},"primaryImageOfPage":{"@id":"https:\/\/icrop.com\/de\/roi-berechnung-icrop\/#primaryimage"},"image":{"@id":"https:\/\/icrop.com\/de\/roi-berechnung-icrop\/#primaryimage"},"thumbnailUrl":"https:\/\/icrop.com\/wp-content\/uploads\/2024\/12\/ROI.png","datePublished":"2024-12-13T14:18:29+00:00","dateModified":"2025-01-07T10:24:05+00:00","description":"Entdecken Sie, wie viel Zeit und Kosten Sie durch ein effizienteres Farmmanagement sparen. Optimieren Sie Prozesse und steigern Sie Ihren Umsatz.","breadcrumb":{"@id":"https:\/\/icrop.com\/de\/roi-berechnung-icrop\/#breadcrumb"},"inLanguage":"de","potentialAction":[{"@type":"ReadAction","target":["https:\/\/icrop.com\/de\/roi-berechnung-icrop\/"]}]},{"@type":"ImageObject","inLanguage":"de","@id":"https:\/\/icrop.com\/de\/roi-berechnung-icrop\/#primaryimage","url":"https:\/\/icrop.com\/wp-content\/uploads\/2024\/12\/ROI.png","contentUrl":"https:\/\/icrop.com\/wp-content\/uploads\/2024\/12\/ROI.png","width":1200,"height":650,"caption":"Doe de gratis ROI-calculatie met iCrop!"},{"@type":"BreadcrumbList","@id":"https:\/\/icrop.com\/de\/roi-berechnung-icrop\/#breadcrumb","itemListElement":[{"@type":"ListItem","position":1,"name":"Home","item":"https:\/\/icrop.com\/de\/"},{"@type":"ListItem","position":2,"name":"ROI-Berechnung iCrop"}]},{"@type":"WebSite","@id":"https:\/\/icrop.com\/#website","url":"https:\/\/icrop.com\/","name":"iCrop.nl","description":"Connect data, streamline your proces.","publisher":{"@id":"https:\/\/icrop.com\/#organization"},"potentialAction":[{"@type":"SearchAction","target":{"@type":"EntryPoint","urlTemplate":"https:\/\/icrop.com\/?s={search_term_string}"},"query-input":{"@type":"PropertyValueSpecification","valueRequired":true,"valueName":"search_term_string"}}],"inLanguage":"de"},{"@type":"Organization","@id":"https:\/\/icrop.com\/#organization","name":"iCrop.nl","url":"https:\/\/icrop.com\/","logo":{"@type":"ImageObject","inLanguage":"de","@id":"https:\/\/icrop.com\/#\/schema\/logo\/image\/","url":"https:\/\/icrop.com\/wp-content\/uploads\/2024\/11\/Logo-website.png","contentUrl":"https:\/\/icrop.com\/wp-content\/uploads\/2024\/11\/Logo-website.png","width":313,"height":93,"caption":"iCrop.nl"},"image":{"@id":"https:\/\/icrop.com\/#\/schema\/logo\/image\/"},"sameAs":["https:\/\/www.linkedin.com\/company\/icrop-nl\/"]}]}},"_links":{"self":[{"href":"https:\/\/icrop.com\/de\/wp-json\/wp\/v2\/pages\/10528","targetHints":{"allow":["GET"]}}],"collection":[{"href":"https:\/\/icrop.com\/de\/wp-json\/wp\/v2\/pages"}],"about":[{"href":"https:\/\/icrop.com\/de\/wp-json\/wp\/v2\/types\/page"}],"author":[{"embeddable":true,"href":"https:\/\/icrop.com\/de\/wp-json\/wp\/v2\/users\/7"}],"replies":[{"embeddable":true,"href":"https:\/\/icrop.com\/de\/wp-json\/wp\/v2\/comments?post=10528"}],"version-history":[{"count":5,"href":"https:\/\/icrop.com\/de\/wp-json\/wp\/v2\/pages\/10528\/revisions"}],"predecessor-version":[{"id":10535,"href":"https:\/\/icrop.com\/de\/wp-json\/wp\/v2\/pages\/10528\/revisions\/10535"}],"wp:featuredmedia":[{"embeddable":true,"href":"https:\/\/icrop.com\/de\/wp-json\/wp\/v2\/media\/8296"}],"wp:attachment":[{"href":"https:\/\/icrop.com\/de\/wp-json\/wp\/v2\/media?parent=10528"}],"curies":[{"name":"wp","href":"https:\/\/api.w.org\/{rel}","templated":true}]}}